{"id":1531,"date":"2024-01-11T16:52:38","date_gmt":"2024-01-11T16:52:38","guid":{"rendered":"https:\/\/dev.menashacorporation.com\/dmca-policy\/"},"modified":"2024-03-05T21:20:58","modified_gmt":"2024-03-05T21:20:58","slug":"dmca-policy","status":"publish","type":"page","link":"https:\/\/dev.menashacorporation.com\/es\/dmca-policy\/","title":{"rendered":"Pol\u00edtica de la Ley de Derechos de Autor del Milenio Digital (Digital Millenium Copyright Act Policy, DMCA)"},"content":{"rendered":"\t\t<div data-elementor-type=\"wp-page\" data-elementor-id=\"1531\" class=\"elementor elementor-1531 elementor-1509\" data-elementor-post-type=\"page\">\n\t\t\t\t\t\t<section data-particle_enable=\"false\" data-particle-mobile-disabled=\"false\" class=\"elementor-section elementor-top-section elementor-element elementor-element-6edf0338 elementor-section-boxed elementor-section-height-default elementor-section-height-default\" data-id=\"6edf0338\" data-element_type=\"section\" data-e-type=\"section\" data-settings=\"{&quot;background_background&quot;:&quot;classic&quot;}\">\n\t\t\t\t\t\t<div class=\"elementor-container elementor-column-gap-default\">\n\t\t\t\t\t<div class=\"elementor-column elementor-col-33 elementor-top-column elementor-element elementor-element-3bcaabe9\" data-id=\"3bcaabe9\" data-element_type=\"column\" data-e-type=\"column\">\n\t\t\t<div class=\"elementor-widget-wrap elementor-element-populated\">\n\t\t\t\t\t\t<div class=\"elementor-element elementor-element-1ee02ef8 elementor-widget elementor-widget-heading\" data-id=\"1ee02ef8\" data-element_type=\"widget\" data-e-type=\"widget\" data-widget_type=\"heading.default\">\n\t\t\t\t<div class=\"elementor-widget-container\">\n\t\t\t\t\t<p class=\"elementor-heading-title elementor-size-default\">Nuestras empresas:<\/p>\t\t\t\t<\/div>\n\t\t\t\t<\/div>\n\t\t\t\t\t<\/div>\n\t\t<\/div>\n\t\t\t\t<div class=\"elementor-column elementor-col-33 elementor-top-column elementor-element elementor-element-659d3ebc\" data-id=\"659d3ebc\" data-element_type=\"column\" data-e-type=\"column\">\n\t\t\t<div class=\"elementor-widget-wrap elementor-element-populated\">\n\t\t\t\t\t\t<div class=\"elementor-element elementor-element-1dd8be3b elementor-widget elementor-widget-heading\" data-id=\"1dd8be3b\" data-element_type=\"widget\" data-e-type=\"widget\" data-widget_type=\"heading.default\">\n\t\t\t\t<div class=\"elementor-widget-container\">\n\t\t\t\t\t<p class=\"elementor-heading-title elementor-size-default\"><a href=\"https:\/\/www.menasha.com\/\" target=\"_blank\">Menasha Packaging Company<\/a><\/p>\t\t\t\t<\/div>\n\t\t\t\t<\/div>\n\t\t\t\t\t<\/div>\n\t\t<\/div>\n\t\t\t\t<div class=\"elementor-column elementor-col-33 elementor-top-column elementor-element elementor-element-26913b4e\" data-id=\"26913b4e\" data-element_type=\"column\" data-e-type=\"column\">\n\t\t\t<div class=\"elementor-widget-wrap elementor-element-populated\">\n\t\t\t\t\t\t<div class=\"elementor-element elementor-element-694d889b elementor-widget elementor-widget-heading\" data-id=\"694d889b\" data-element_type=\"widget\" data-e-type=\"widget\" data-widget_type=\"heading.default\">\n\t\t\t\t<div class=\"elementor-widget-container\">\n\t\t\t\t\t<p class=\"elementor-heading-title elementor-size-default\"><a href=\"https:\/\/www.orbiscorporation.com\/\" target=\"_blank\">ORBIS Corporation<\/a><\/p>\t\t\t\t<\/div>\n\t\t\t\t<\/div>\n\t\t\t\t\t<\/div>\n\t\t<\/div>\n\t\t\t\t\t<\/div>\n\t\t<\/section>\n\t\t\t\t<section data-particle_enable=\"false\" data-particle-mobile-disabled=\"false\" class=\"elementor-section elementor-top-section elementor-element elementor-element-0f50585 elementor-section-boxed elementor-section-height-default elementor-section-height-default\" data-id=\"0f50585\" data-element_type=\"section\" data-e-type=\"section\">\n\t\t\t\t\t\t<div class=\"elementor-container elementor-column-gap-default\">\n\t\t\t\t\t<div class=\"elementor-column elementor-col-100 elementor-top-column elementor-element elementor-element-4a80e37\" data-id=\"4a80e37\" data-element_type=\"column\" data-e-type=\"column\">\n\t\t\t<div class=\"elementor-widget-wrap elementor-element-populated\">\n\t\t\t\t\t\t<div class=\"elementor-element elementor-element-5236652 elementor-widget__width-initial elementor-widget elementor-widget-text-editor\" data-id=\"5236652\" data-element_type=\"widget\" data-e-type=\"widget\" data-widget_type=\"text-editor.default\">\n\t\t\t\t<div class=\"elementor-widget-container\">\n\t\t\t\t\t\t\t\t\t<h1>POL\u00cdTICA DE LA LEY DE DERECHOS DE AUTOR DEL MILENIO DIGITAL<\/h1>\n<p><strong>\u00daltima actualizaci\u00f3n \/ fecha de entrada en vigor: 1.\u00ba de enero de 2024<\/strong><\/p>\n<p><span style=\"font-weight: 400;\">Menasha Corporation (&#8220;Menasha&#8221;, &#8220;nosotros&#8221; o &#8220;nos&#8221;) respeta los derechos de propiedad intelectual de terceros y espera que usted haga lo mismo. <\/span><\/p>\n<p><span style=\"font-weight: 400;\">Menasha se ha registrado en la Oficina de Derechos de Autor de EE.UU. bajo la Ley de Limitaci\u00f3n de Responsabilidad por Infracci\u00f3n de Derechos de Autor en l\u00ednea con la Ley de Derechos de Autor del Milenio Digital (T\u00edtulo 17 del C\u00f3digo de los EE.UU. Secc. \u00a7 512) (&#8220;DMCA&#8221;), de modo que si un propietario de derechos de autor nos notifica que los materiales en el sitio web de Menasha (el &#8220;Sitio&#8221;), o vinculados al sitio web de Menasha, infringen sus derechos de autor, puede solicitar la eliminaci\u00f3n de esos materiales (o la eliminaci\u00f3n del acceso a ellos) del sitio como se establece a continuaci\u00f3n. <\/span><\/p>\n<p><span style=\"font-weight: 400;\">You must pUsted debe notificar y contranotificar cualquier reclamaci\u00f3n DMCA como se establece en este documento de conformidad con lo establecido en la DMCA <\/span><b>MENASHA SOLO RESPONDER\u00c1 A LOS AVISOS DE PRESUNTA INFRACCI\u00d3N DE DERECHOS DE AUTOR QUE CUMPLAN CON LA LEGISLACI\u00d3N VIGENTE. <\/b><\/p>\n<p><span style=\"font-weight: 400;\">Si recibimos una notificaci\u00f3n v\u00e1lida de una presunta infracci\u00f3n de los derechos de autor, eliminaremos los materiales y tomaremos las medidas razonables para ponernos en contacto con el propietario de los materiales eliminados y que este pueda responder con una contranotificaci\u00f3n. <\/span><\/p>\n<p><span style=\"font-weight: 400;\">Si recibimos una contranotificaci\u00f3n v\u00e1lida, volveremos a publicar los materiales en cuesti\u00f3n a menos que recibamos notificaci\u00f3n de la persona o entidad original que proporcion\u00f3 la notificaci\u00f3n de la presunta infracci\u00f3n de que se ha presentado una acci\u00f3n legal para solicitar una orden judicial que impida al presunto infractor llevar a cabo la actividad infractora en un plazo de diez (10) d\u00edas h\u00e1biles a partir de la recepci\u00f3n de la copia de la contranotificaci\u00f3n. <\/span><\/p>\n<p><span style=\"font-weight: 400;\">Nuestra Pol\u00edtica de privacidad nos permite compartir estas notificaciones con terceros. <\/span><\/p>\n<p><span style=\"font-weight: 400;\">Tenga en cuenta que si usted, a sabiendas, tergiversa sustancialmente que cualquier material o actividad en el sitio: (a) infringe sus derechos de autor; o (b) fue eliminado o inhabilitado por error o fue objeto de identificaci\u00f3n err\u00f3nea, usted puede ser considerado responsable por da\u00f1os y perjuicios (lo que incluye los costos y honorarios de abogados) conforme a la DMCA. <\/span><\/p>\n<p><b>C\u00f3mo denunciar una infracci\u00f3n de derechos de autor<\/b><b> <\/b><\/p>\n<p><span style=\"font-weight: 400;\">De acuerdo con la DMCA, si usted cree que cualquier material accesible en o desde el sitio web infringe sus derechos de autor, usted debe proporcionar una notificaci\u00f3n por escrito a uno de nuestros agentes designados que se enumeran m\u00e1s adelante, en la que se incluya lo siguiente: <\/span><\/p>\n<ol type=\"A\">\n<li><span style=\"font-weight: 400;\"> Identificaci\u00f3n del trabajo protegido por derechos de autor sobre el que usted afirma ha sido infringido su derecho o, si se trata de varios trabajos protegidos por derechos de autor, una lista representativa de los trabajos cuyos derechos usted afirma han sido infringidos, con suficiente detalle para permitirnos localizarlos. <\/span><\/li>\n<li><span style=\"font-weight: 400;\"> Una descripci\u00f3n del material sobre el que alega que se infringe la ley y que desea que se retire o cuyo acceso desea que se deshabilite, junto con la URL u otra ubicaci\u00f3n de dicho material con el suficiente detalle para permitirnos localizarlo. <\/span><\/li>\n<li><span style=\"font-weight: 400;\"> Una declaraci\u00f3n de que usted es el propietario de la obra protegida por derechos de autor y que esta debe ser retirada o inhabilitada del sitio web.<\/span><\/li>\n<li><span style=\"font-weight: 400;\"> Informaci\u00f3n suficiente que nos permita comunicarnos con usted, incluyendo su nombre, direcci\u00f3n, n\u00famero telef\u00f3nico y direcci\u00f3n de correo electr\u00f3nico. <\/span><\/li>\n<li><span style=\"font-weight: 400;\"> La siguiente declaraci\u00f3n: \u201c&#8221;Creo de buena fe que el uso de los materiales con derechos de autor descritos anteriormente y contenidos en el sitio web no est\u00e1 autorizado por el propietario de los derechos de autor, su agente o por protecci\u00f3n de la ley&#8221;. <\/span><\/li>\n<li><span style=\"font-weight: 400;\"> Una declaraci\u00f3n, bajo pena de perjurio, de que la notificaci\u00f3n es exacta y de que usted est\u00e1 autorizado para actuar en nombre del titular de los derechos de autor presuntamente infringidos. G. La firma f\u00edsica o electr\u00f3nica del titular o agente autorizado del titular de los derechos presuntamente infringidos <\/span><\/li>\n<li><span style=\"font-weight: 400;\"> Su reconocimiento y acuerdo de que la DMCA establece que usted puede ser responsable por da\u00f1os y perjuicios (incluidos los costos y honorarios de abogados) si usted afirma falsamente que los materiales infringen su(s) derecho(s) de autor. <\/span><\/li>\n<\/ol>\n<p><span style=\"font-weight: 400;\"><br \/>Env\u00ede una notificaci\u00f3n por escrito por correo de entrega inmediata o por correo ordinario a nuestro agente designado por la DMCA a: <\/span><\/p>\n<p><span style=\"font-weight: 400;\">Menasha Corporation<br \/><\/span><span style=\"font-weight: 400;\">A la atenci\u00f3n de: Agente designado de la DMCA<br \/><\/span><span style=\"font-weight: 400;\">1645 Bergstrom Road<br \/><\/span><span style=\"font-weight: 400;\">Neenah, WI 54956<br \/><\/span><span style=\"font-weight: 400;\">Direcci\u00f3n de correo electr\u00f3nico: <\/span><a href=\"mailto:co************@*****ha.com\" data-original-string=\"\/1YSylQPiAFEKHQwylDFgA==c2b5rzkMy4aYYlTFg6DZNWySLcKMEKhlN+YyoZB7W4SJbk=\" title=\"This contact has been encoded by Anti-Spam by CleanTalk. Click to decode. To finish the decoding make sure that JavaScript is enabled in your browser.\"><span style=\"font-weight: 400;\"><span \n                data-original-string='D8R\/RMQrTaivtSAawIPBWQ==c2b8R+X58LuZRPXH\/iJf1g6+HdvLBJa78OHKNo44b6qUEw='\n                class='apbct-email-encoder'\n                title='This contact has been encoded by Anti-Spam by CleanTalk. Click to decode. To finish the decoding make sure that JavaScript is enabled in your browser.'>co<span class=\"apbct-blur\">************<\/span>@<span class=\"apbct-blur\">*****<\/span>ha.com<\/span><\/span> <span style=\"font-weight: 400;\"> <\/span><\/a> <\/p>\n<p><b>Contranotificaciones<\/b><b> <\/b><\/p>\n<p><span style=\"font-weight: 400;\">Si retiramos sus materiales o eliminamos el acceso a sus materiales como resultado de recibir una notificaci\u00f3n de la DMCA, y usted cree que dicha retirada o eliminaci\u00f3n fue un error o una identificaci\u00f3n err\u00f3nea, usted puede responder y enviarnos una contranotificaci\u00f3n por escrito de conformidad con la DMCA. La contranotificaci\u00f3n debe incluir lo siguiente: <\/span><\/p>\n<ol type=\"A\">\n<li><span style=\"font-weight: 400;\"> Una lista del material o materiales que fueron retirados por Menasha y la ubicaci\u00f3n del material o materiales antes de que fueran retirados, con suficiente detalle para que podamos identificar y localizar el material o materiales. <\/span><\/li>\n<li><span style=\"font-weight: 400;\"> Informaci\u00f3n adecuada para que podamos comunicarnos con usted, incluyendo su nombre, direcci\u00f3n, n\u00famero telef\u00f3nico y direcci\u00f3n de correo electr\u00f3nico. <\/span><\/li>\n<li><span style=\"font-weight: 400;\"> Una declaraci\u00f3n de que acepta la jurisdicci\u00f3n del Tribunal Federal de Distrito de EE.UU. para el distrito judicial en el que reside (o el Condado de Waukesha, Wisconsin, si su direcci\u00f3n se encuentra fuera de los Estados Unidos). <\/span><\/li>\n<li><span style=\"font-weight: 400;\"> Una declaraci\u00f3n de que aceptar\u00e1 la notificaci\u00f3n del proceso por parte de la persona que nos proporcion\u00f3 la notificaci\u00f3n de la presunta infracci\u00f3n o un agente de dicha persona. <\/span><\/li>\n<li><span style=\"font-weight: 400;\"> La siguiente declaraci\u00f3n:&#8221;Juro, bajo pena de perjurio, que creo de buena fe que el material identificado anteriormente fue retirado o inutilizado como consecuencia de un error o de una identificaci\u00f3n err\u00f3nea del material que debe ser retirado o inutilizado&#8221;. <\/span><\/li>\n<li><span style=\"font-weight: 400;\"> Su firma f\u00edsica o electr\u00f3nica. <\/span><\/li>\n<\/ol>\n<p><span style=\"font-weight: 400;\"><br \/>Env\u00ede una notificaci\u00f3n por escrito por correo de entrega inmediata o por correo ordinario a nuestro agente designado por la DMCA a:<\/span><\/p>\n<p><span style=\"font-weight: 400;\">Menasha Corporation<br \/><\/span><span style=\"font-weight: 400;\">A la atenci\u00f3n de: Agente designado de la DMCA<br \/><\/span><span style=\"font-weight: 400;\">1645 Bergstrom Road<br \/><\/span><span style=\"font-weight: 400;\">Neenah, WI 54956<br \/>D<\/span>irecci\u00f3n de correo electr\u00f3nico: <span style=\"font-weight: 400;\"> <\/span><a href=\"mailto:co************@*****ha.com\" data-original-string=\"4PhwFN5jG3PT343NtlqoPA==c2bF9cxmKsTSsMwH6yYfroBbqM3tHsguR1uyGlOuy07VqU=\" title=\"This contact has been encoded by Anti-Spam by CleanTalk. Click to decode. To finish the decoding make sure that JavaScript is enabled in your browser.\"><span style=\"font-weight: 400;\"><span \n                data-original-string='iFIMxh+qjl0xFelkiURLKQ==c2bh\/pJaghkZ45ocGmkyXik5iDWkkUex1KTZ5LJldoVmmE='\n                class='apbct-email-encoder'\n                title='This contact has been encoded by Anti-Spam by CleanTalk. Click to decode. To finish the decoding make sure that JavaScript is enabled in your browser.'>co<span class=\"apbct-blur\">************<\/span>@<span class=\"apbct-blur\">*****<\/span>ha.com<\/span><\/span> <span style=\"font-weight: 400;\"> <\/span><\/a> <\/p>\n<p><b>Infractores reincidentes<\/b><b> <\/b><\/p>\n<p><span style=\"font-weight: 400;\">Es pol\u00edtica de Menasha poner fin al uso de los servicios del sitio web por parte de los infractores reincidentes, por ejemplo, mediante la cancelaci\u00f3n o inhabilitaci\u00f3n de las cuentas (si corresponde).<\/span><\/p>\n\t\t\t\t\t\t\t\t<\/div>\n\t\t\t\t<\/div>\n\t\t\t\t\t<\/div>\n\t\t<\/div>\n\t\t\t\t\t<\/div>\n\t\t<\/section>\n\t\t\t\t<\/div>\n\t\t","protected":false},"excerpt":{"rendered":"<p>Nuestras empresas: Menasha Packaging Company ORBIS Corporation POL\u00cdTICA DE LA LEY DE DERECHOS DE AUTOR DEL MILENIO DIGITAL \u00daltima actualizaci\u00f3n \/ fecha de entrada en vigor: 1.\u00ba de enero de 2024 Menasha Corporation (&#8220;Menasha&#8221;, &#8220;nosotros&#8221; o &#8220;nos&#8221;) respeta los derechos de propiedad intelectual de terceros y espera que usted haga lo mismo. Menasha se ha [&hellip;]<\/p>\n","protected":false},"author":7,"featured_media":0,"parent":0,"menu_order":0,"comment_status":"closed","ping_status":"closed","template":"elementor_header_footer","meta":{"footnotes":""},"class_list":["post-1531","page","type-page","status-publish","hentry"],"yoast_head":"<!-- This site is optimized with the Yoast SEO plugin v27.3 - https:\/\/yoast.com\/product\/yoast-seo-wordpress\/ -->\n<title>Pol\u00edtica de la Ley de Derechos de Autor del Milenio Digital (Digital Millenium Copyright Act Policy, DMCA) - Menasha Corporate<\/title>\n<meta name=\"robots\" content=\"index, follow, max-snippet:-1, max-image-preview:large, max-video-preview:-1\" \/>\n<link rel=\"canonical\" href=\"https:\/\/dev.menashacorporation.com\/es\/dmca-policy\/\" \/>\n<meta property=\"og:locale\" content=\"es_ES\" \/>\n<meta property=\"og:type\" content=\"article\" \/>\n<meta property=\"og:title\" content=\"Pol\u00edtica de la Ley de Derechos de Autor del Milenio Digital (Digital Millenium Copyright Act Policy, DMCA) - Menasha Corporate\" \/>\n<meta property=\"og:description\" content=\"Nuestras empresas: Menasha Packaging Company ORBIS Corporation POL\u00cdTICA DE LA LEY DE DERECHOS DE AUTOR DEL MILENIO DIGITAL \u00daltima actualizaci\u00f3n \/ fecha de entrada en vigor: 1.\u00ba de enero de 2024 Menasha Corporation (&#8220;Menasha&#8221;, &#8220;nosotros&#8221; o &#8220;nos&#8221;) respeta los derechos de propiedad intelectual de terceros y espera que usted haga lo mismo. Menasha se ha [&hellip;]\" \/>\n<meta property=\"og:url\" content=\"https:\/\/dev.menashacorporation.com\/es\/dmca-policy\/\" \/>\n<meta property=\"og:site_name\" content=\"Menasha Corporate\" \/>\n<meta property=\"article:modified_time\" content=\"2024-03-05T21:20:58+00:00\" \/>\n<meta name=\"twitter:card\" content=\"summary_large_image\" \/>\n<meta name=\"twitter:label1\" content=\"Est. reading time\" \/>\n\t<meta name=\"twitter:data1\" content=\"6 minutes\" \/>\n<script type=\"application\/ld+json\" class=\"yoast-schema-graph\">{\"@context\":\"https:\\\/\\\/schema.org\",\"@graph\":[{\"@type\":\"WebPage\",\"@id\":\"https:\\\/\\\/dev.menashacorporation.com\\\/es\\\/dmca-policy\\\/\",\"url\":\"https:\\\/\\\/dev.menashacorporation.com\\\/es\\\/dmca-policy\\\/\",\"name\":\"Pol\u00edtica de la Ley de Derechos de Autor del Milenio Digital (Digital Millenium Copyright Act Policy, DMCA) - Menasha Corporate\",\"isPartOf\":{\"@id\":\"https:\\\/\\\/dev.menashacorporation.com\\\/#website\"},\"datePublished\":\"2024-01-11T16:52:38+00:00\",\"dateModified\":\"2024-03-05T21:20:58+00:00\",\"breadcrumb\":{\"@id\":\"https:\\\/\\\/dev.menashacorporation.com\\\/es\\\/dmca-policy\\\/#breadcrumb\"},\"inLanguage\":\"es\",\"potentialAction\":[{\"@type\":\"ReadAction\",\"target\":[\"https:\\\/\\\/dev.menashacorporation.com\\\/es\\\/dmca-policy\\\/\"]}]},{\"@type\":\"BreadcrumbList\",\"@id\":\"https:\\\/\\\/dev.menashacorporation.com\\\/es\\\/dmca-policy\\\/#breadcrumb\",\"itemListElement\":[{\"@type\":\"ListItem\",\"position\":1,\"name\":\"Home\",\"item\":\"https:\\\/\\\/dev.menashacorporation.com\\\/es\\\/\"},{\"@type\":\"ListItem\",\"position\":2,\"name\":\"Pol\u00edtica de la Ley de Derechos de Autor del Milenio Digital (Digital Millenium Copyright Act Policy, DMCA)\"}]},{\"@type\":\"WebSite\",\"@id\":\"https:\\\/\\\/dev.menashacorporation.com\\\/#website\",\"url\":\"https:\\\/\\\/dev.menashacorporation.com\\\/\",\"name\":\"Menasha Corporate\",\"description\":\"\",\"publisher\":{\"@id\":\"https:\\\/\\\/dev.menashacorporation.com\\\/#organization\"},\"potentialAction\":[{\"@type\":\"SearchAction\",\"target\":{\"@type\":\"EntryPoint\",\"urlTemplate\":\"https:\\\/\\\/dev.menashacorporation.com\\\/?s={search_term_string}\"},\"query-input\":{\"@type\":\"PropertyValueSpecification\",\"valueRequired\":true,\"valueName\":\"search_term_string\"}}],\"inLanguage\":\"es\"},{\"@type\":\"Organization\",\"@id\":\"https:\\\/\\\/dev.menashacorporation.com\\\/#organization\",\"name\":\"Menasha Corporate\",\"url\":\"https:\\\/\\\/dev.menashacorporation.com\\\/\",\"logo\":{\"@type\":\"ImageObject\",\"inLanguage\":\"es\",\"@id\":\"https:\\\/\\\/dev.menashacorporation.com\\\/#\\\/schema\\\/logo\\\/image\\\/\",\"url\":\"https:\\\/\\\/dev.menashacorporation.com\\\/wp-content\\\/uploads\\\/2023\\\/02\\\/Menasha-Corp-logo-and-tagline-full-color.png\",\"contentUrl\":\"https:\\\/\\\/dev.menashacorporation.com\\\/wp-content\\\/uploads\\\/2023\\\/02\\\/Menasha-Corp-logo-and-tagline-full-color.png\",\"width\":1676,\"height\":431,\"caption\":\"Menasha Corporate\"},\"image\":{\"@id\":\"https:\\\/\\\/dev.menashacorporation.com\\\/#\\\/schema\\\/logo\\\/image\\\/\"}}]}<\/script>\n<!-- \/ Yoast SEO plugin. -->","yoast_head_json":{"title":"Pol\u00edtica de la Ley de Derechos de Autor del Milenio Digital (Digital Millenium Copyright Act Policy, DMCA) - Menasha Corporate","robots":{"index":"index","follow":"follow","max-snippet":"max-snippet:-1","max-image-preview":"max-image-preview:large","max-video-preview":"max-video-preview:-1"},"canonical":"https:\/\/dev.menashacorporation.com\/es\/dmca-policy\/","og_locale":"es_ES","og_type":"article","og_title":"Pol\u00edtica de la Ley de Derechos de Autor del Milenio Digital (Digital Millenium Copyright Act Policy, DMCA) - Menasha Corporate","og_description":"Nuestras empresas: Menasha Packaging Company ORBIS Corporation POL\u00cdTICA DE LA LEY DE DERECHOS DE AUTOR DEL MILENIO DIGITAL \u00daltima actualizaci\u00f3n \/ fecha de entrada en vigor: 1.\u00ba de enero de 2024 Menasha Corporation (&#8220;Menasha&#8221;, &#8220;nosotros&#8221; o &#8220;nos&#8221;) respeta los derechos de propiedad intelectual de terceros y espera que usted haga lo mismo. Menasha se ha [&hellip;]","og_url":"https:\/\/dev.menashacorporation.com\/es\/dmca-policy\/","og_site_name":"Menasha Corporate","article_modified_time":"2024-03-05T21:20:58+00:00","twitter_card":"summary_large_image","twitter_misc":{"Est. reading time":"6 minutes"},"schema":{"@context":"https:\/\/schema.org","@graph":[{"@type":"WebPage","@id":"https:\/\/dev.menashacorporation.com\/es\/dmca-policy\/","url":"https:\/\/dev.menashacorporation.com\/es\/dmca-policy\/","name":"Pol\u00edtica de la Ley de Derechos de Autor del Milenio Digital (Digital Millenium Copyright Act Policy, DMCA) - Menasha Corporate","isPartOf":{"@id":"https:\/\/dev.menashacorporation.com\/#website"},"datePublished":"2024-01-11T16:52:38+00:00","dateModified":"2024-03-05T21:20:58+00:00","breadcrumb":{"@id":"https:\/\/dev.menashacorporation.com\/es\/dmca-policy\/#breadcrumb"},"inLanguage":"es","potentialAction":[{"@type":"ReadAction","target":["https:\/\/dev.menashacorporation.com\/es\/dmca-policy\/"]}]},{"@type":"BreadcrumbList","@id":"https:\/\/dev.menashacorporation.com\/es\/dmca-policy\/#breadcrumb","itemListElement":[{"@type":"ListItem","position":1,"name":"Home","item":"https:\/\/dev.menashacorporation.com\/es\/"},{"@type":"ListItem","position":2,"name":"Pol\u00edtica de la Ley de Derechos de Autor del Milenio Digital (Digital Millenium Copyright Act Policy, DMCA)"}]},{"@type":"WebSite","@id":"https:\/\/dev.menashacorporation.com\/#website","url":"https:\/\/dev.menashacorporation.com\/","name":"Menasha Corporate","description":"","publisher":{"@id":"https:\/\/dev.menashacorporation.com\/#organization"},"potentialAction":[{"@type":"SearchAction","target":{"@type":"EntryPoint","urlTemplate":"https:\/\/dev.menashacorporation.com\/?s={search_term_string}"},"query-input":{"@type":"PropertyValueSpecification","valueRequired":true,"valueName":"search_term_string"}}],"inLanguage":"es"},{"@type":"Organization","@id":"https:\/\/dev.menashacorporation.com\/#organization","name":"Menasha Corporate","url":"https:\/\/dev.menashacorporation.com\/","logo":{"@type":"ImageObject","inLanguage":"es","@id":"https:\/\/dev.menashacorporation.com\/#\/schema\/logo\/image\/","url":"https:\/\/dev.menashacorporation.com\/wp-content\/uploads\/2023\/02\/Menasha-Corp-logo-and-tagline-full-color.png","contentUrl":"https:\/\/dev.menashacorporation.com\/wp-content\/uploads\/2023\/02\/Menasha-Corp-logo-and-tagline-full-color.png","width":1676,"height":431,"caption":"Menasha Corporate"},"image":{"@id":"https:\/\/dev.menashacorporation.com\/#\/schema\/logo\/image\/"}}]}},"featured_image_src":null,"featured_image_src_square":null,"_links":{"self":[{"href":"https:\/\/dev.menashacorporation.com\/es\/wp-json\/wp\/v2\/pages\/1531","targetHints":{"allow":["GET"]}}],"collection":[{"href":"https:\/\/dev.menashacorporation.com\/es\/wp-json\/wp\/v2\/pages"}],"about":[{"href":"https:\/\/dev.menashacorporation.com\/es\/wp-json\/wp\/v2\/types\/page"}],"author":[{"embeddable":true,"href":"https:\/\/dev.menashacorporation.com\/es\/wp-json\/wp\/v2\/users\/7"}],"replies":[{"embeddable":true,"href":"https:\/\/dev.menashacorporation.com\/es\/wp-json\/wp\/v2\/comments?post=1531"}],"version-history":[{"count":0,"href":"https:\/\/dev.menashacorporation.com\/es\/wp-json\/wp\/v2\/pages\/1531\/revisions"}],"wp:attachment":[{"href":"https:\/\/dev.menashacorporation.com\/es\/wp-json\/wp\/v2\/media?parent=1531"}],"curies":[{"name":"wp","href":"https:\/\/api.w.org\/{rel}","templated":true}]}}