{"id":1204,"date":"2023-04-04T15:58:14","date_gmt":"2023-04-04T15:58:14","guid":{"rendered":"https:\/\/dev.menashacorporation.com\/mision\/"},"modified":"2025-04-08T13:24:15","modified_gmt":"2025-04-08T13:24:15","slug":"mision","status":"publish","type":"page","link":"https:\/\/dev.menashacorporation.com\/es\/mision\/","title":{"rendered":"Misi\u00f3n"},"content":{"rendered":"\t\t<div data-elementor-type=\"wp-page\" data-elementor-id=\"1204\" class=\"elementor elementor-1204 elementor-103\" data-elementor-post-type=\"page\">\n\t\t\t\t\t\t<section data-particle_enable=\"false\" data-particle-mobile-disabled=\"false\" class=\"elementor-section elementor-top-section elementor-element elementor-element-74daefb8 elementor-section-boxed elementor-section-height-default elementor-section-height-default\" data-id=\"74daefb8\" data-element_type=\"section\" data-e-type=\"section\" data-settings=\"{&quot;background_background&quot;:&quot;classic&quot;}\">\n\t\t\t\t\t\t<div class=\"elementor-container elementor-column-gap-default\">\n\t\t\t\t\t<div class=\"elementor-column elementor-col-33 elementor-top-column elementor-element elementor-element-5c178b52\" data-id=\"5c178b52\" data-element_type=\"column\" data-e-type=\"column\">\n\t\t\t<div class=\"elementor-widget-wrap elementor-element-populated\">\n\t\t\t\t\t\t<div class=\"elementor-element elementor-element-7de0b4fe elementor-widget elementor-widget-heading\" data-id=\"7de0b4fe\" data-element_type=\"widget\" data-e-type=\"widget\" data-widget_type=\"heading.default\">\n\t\t\t\t<div class=\"elementor-widget-container\">\n\t\t\t\t\t<p class=\"elementor-heading-title elementor-size-default\">Nuestras empresas:<\/p>\t\t\t\t<\/div>\n\t\t\t\t<\/div>\n\t\t\t\t\t<\/div>\n\t\t<\/div>\n\t\t\t\t<div class=\"elementor-column elementor-col-33 elementor-top-column elementor-element elementor-element-1c026e0\" data-id=\"1c026e0\" data-element_type=\"column\" data-e-type=\"column\">\n\t\t\t<div class=\"elementor-widget-wrap elementor-element-populated\">\n\t\t\t\t\t\t<div class=\"elementor-element elementor-element-b88d679 elementor-widget elementor-widget-heading\" data-id=\"b88d679\" data-element_type=\"widget\" data-e-type=\"widget\" data-widget_type=\"heading.default\">\n\t\t\t\t<div class=\"elementor-widget-container\">\n\t\t\t\t\t<p class=\"elementor-heading-title elementor-size-default\"><a href=\"https:\/\/www.menasha.com\/\" target=\"_blank\">Menasha Packaging Company<\/a><\/p>\t\t\t\t<\/div>\n\t\t\t\t<\/div>\n\t\t\t\t\t<\/div>\n\t\t<\/div>\n\t\t\t\t<div class=\"elementor-column elementor-col-33 elementor-top-column elementor-element elementor-element-40aa035a\" data-id=\"40aa035a\" data-element_type=\"column\" data-e-type=\"column\">\n\t\t\t<div class=\"elementor-widget-wrap elementor-element-populated\">\n\t\t\t\t\t\t<div class=\"elementor-element elementor-element-39213b1c elementor-widget elementor-widget-heading\" data-id=\"39213b1c\" data-element_type=\"widget\" data-e-type=\"widget\" data-widget_type=\"heading.default\">\n\t\t\t\t<div class=\"elementor-widget-container\">\n\t\t\t\t\t<p class=\"elementor-heading-title elementor-size-default\"><a href=\"https:\/\/www.orbiscorporation.com\/\" target=\"_blank\">ORBIS Corporation<\/a><\/p>\t\t\t\t<\/div>\n\t\t\t\t<\/div>\n\t\t\t\t\t<\/div>\n\t\t<\/div>\n\t\t\t\t\t<\/div>\n\t\t<\/section>\n\t\t\t\t<section data-particle_enable=\"false\" data-particle-mobile-disabled=\"false\" class=\"elementor-section elementor-top-section elementor-element elementor-element-2cf065c9 elementor-section-full_width elementor-section-height-min-height elementor-section-height-default elementor-section-items-middle\" data-id=\"2cf065c9\" data-element_type=\"section\" data-e-type=\"section\" data-settings=\"{&quot;background_background&quot;:&quot;classic&quot;}\">\n\t\t\t\t\t\t<div class=\"elementor-container elementor-column-gap-no\">\n\t\t\t\t\t<div class=\"elementor-column elementor-col-100 elementor-top-column elementor-element elementor-element-4fab57d5\" data-id=\"4fab57d5\" data-element_type=\"column\" data-e-type=\"column\">\n\t\t\t<div class=\"elementor-widget-wrap elementor-element-populated\">\n\t\t\t\t\t\t<div class=\"elementor-element elementor-element-6006cfb5 elementor-widget elementor-widget-heading\" data-id=\"6006cfb5\" data-element_type=\"widget\" data-e-type=\"widget\" data-widget_type=\"heading.default\">\n\t\t\t\t<div class=\"elementor-widget-container\">\n\t\t\t\t\t<h2 class=\"elementor-heading-title elementor-size-default\">Misi\u00f3n<\/h2>\t\t\t\t<\/div>\n\t\t\t\t<\/div>\n\t\t\t\t\t<\/div>\n\t\t<\/div>\n\t\t\t\t\t<\/div>\n\t\t<\/section>\n\t\t\t\t<section data-particle_enable=\"false\" data-particle-mobile-disabled=\"false\" class=\"elementor-section elementor-top-section elementor-element elementor-element-ea668d2 elementor-section-boxed elementor-section-height-default elementor-section-height-default\" data-id=\"ea668d2\" data-element_type=\"section\" data-e-type=\"section\" data-settings=\"{&quot;background_background&quot;:&quot;classic&quot;}\">\n\t\t\t\t\t\t<div class=\"elementor-container elementor-column-gap-default\">\n\t\t\t\t\t<div class=\"elementor-column elementor-col-100 elementor-top-column elementor-element elementor-element-4a5b9faa\" data-id=\"4a5b9faa\" data-element_type=\"column\" data-e-type=\"column\">\n\t\t\t<div class=\"elementor-widget-wrap elementor-element-populated\">\n\t\t\t\t\t\t<div class=\"elementor-element elementor-element-69475ef9 elementor-widget elementor-widget-heading\" data-id=\"69475ef9\" data-element_type=\"widget\" data-e-type=\"widget\" data-widget_type=\"heading.default\">\n\t\t\t\t<div class=\"elementor-widget-container\">\n\t\t\t\t\t<h2 class=\"elementor-heading-title elementor-size-default\">Dos empresas. Una visi\u00f3n.<\/h2>\t\t\t\t<\/div>\n\t\t\t\t<\/div>\n\t\t\t\t<div class=\"elementor-element elementor-element-319b4406 elementor-widget elementor-widget-text-editor\" data-id=\"319b4406\" data-element_type=\"widget\" data-e-type=\"widget\" data-widget_type=\"text-editor.default\">\n\t\t\t\t<div class=\"elementor-widget-container\">\n\t\t\t\t\t\t\t\t\t<p>Menasha Corporation es una empresa familiar privada fundada en 1849. Con sede en Neenah, Wisconsin, operamos en 112 lugares de Norteam\u00e9rica y Europa, tenemos m\u00e1s de 7000 empleados y nuestras ventas anuales superan los $2000 millones. Estamos conformados por dos compa\u00f1\u00edas:<\/p><p><strong>Menasha Packaging Company <\/strong>produce empaques y exhibidores para la comercializaci\u00f3n minorista, empaques de cart\u00f3n corrugado y contenedores para env\u00edos, adem\u00e1s de servicios de empaquetado y log\u00edstica.<\/p><p><strong>ORBIS Corporation<\/strong> fabrica contenedores reutilizables, pallets, madera de estiba, sistemas para productos a granel y estanter\u00edas met\u00e1licas para mejorar el flujo de productos a lo largo de toda la cadena de suministro.<\/p>\t\t\t\t\t\t\t\t<\/div>\n\t\t\t\t<\/div>\n\t\t\t\t\t<\/div>\n\t\t<\/div>\n\t\t\t\t\t<\/div>\n\t\t<\/section>\n\t\t\t\t<section data-particle_enable=\"false\" data-particle-mobile-disabled=\"false\" class=\"elementor-section elementor-top-section elementor-element elementor-element-1f0bd552 elementor-section-boxed elementor-section-height-default elementor-section-height-default\" data-id=\"1f0bd552\" data-element_type=\"section\" data-e-type=\"section\" data-settings=\"{&quot;background_background&quot;:&quot;classic&quot;}\">\n\t\t\t\t\t\t\t<div class=\"elementor-background-overlay\"><\/div>\n\t\t\t\t\t\t\t<div class=\"elementor-container elementor-column-gap-default\">\n\t\t\t\t\t<div class=\"elementor-column elementor-col-100 elementor-top-column elementor-element elementor-element-5c1c9fde\" data-id=\"5c1c9fde\" data-element_type=\"column\" data-e-type=\"column\">\n\t\t\t<div class=\"elementor-widget-wrap elementor-element-populated\">\n\t\t\t\t\t\t<div class=\"elementor-element elementor-element-4531453 elementor-widget elementor-widget-heading\" data-id=\"4531453\" data-element_type=\"widget\" data-e-type=\"widget\" data-widget_type=\"heading.default\">\n\t\t\t\t<div class=\"elementor-widget-container\">\n\t\t\t\t\t<h2 class=\"elementor-heading-title elementor-size-default\">Misi\u00f3n<\/h2>\t\t\t\t<\/div>\n\t\t\t\t<\/div>\n\t\t\t\t<div class=\"elementor-element elementor-element-e1c40b6 elementor-widget elementor-widget-heading\" data-id=\"e1c40b6\" data-element_type=\"widget\" data-e-type=\"widget\" data-widget_type=\"heading.default\">\n\t\t\t\t<div class=\"elementor-widget-container\">\n\t\t\t\t\t<h2 class=\"elementor-heading-title elementor-size-default\">Ayudamos a nuestros clientes a proteger, transportar y promocionar sus productos mejor que nadie.<\/h2>\t\t\t\t<\/div>\n\t\t\t\t<\/div>\n\t\t\t\t\t<\/div>\n\t\t<\/div>\n\t\t\t\t\t<\/div>\n\t\t<\/section>\n\t\t\t\t<section data-particle_enable=\"false\" data-particle-mobile-disabled=\"false\" class=\"elementor-section elementor-top-section elementor-element elementor-element-35126ca elementor-section-boxed elementor-section-height-default elementor-section-height-default\" data-id=\"35126ca\" data-element_type=\"section\" data-e-type=\"section\" data-settings=\"{&quot;background_background&quot;:&quot;classic&quot;}\">\n\t\t\t\t\t\t<div class=\"elementor-container elementor-column-gap-default\">\n\t\t\t\t\t<div class=\"elementor-column elementor-col-100 elementor-top-column elementor-element elementor-element-e2cc1f3\" data-id=\"e2cc1f3\" data-element_type=\"column\" data-e-type=\"column\">\n\t\t\t<div class=\"elementor-widget-wrap elementor-element-populated\">\n\t\t\t\t\t\t<div class=\"elementor-element elementor-element-50a3da6 elementor-widget elementor-widget-heading\" data-id=\"50a3da6\" data-element_type=\"widget\" data-e-type=\"widget\" data-widget_type=\"heading.default\">\n\t\t\t\t<div class=\"elementor-widget-container\">\n\t\t\t\t\t<h2 class=\"elementor-heading-title elementor-size-default\">Visi\u00f3n<\/h2>\t\t\t\t<\/div>\n\t\t\t\t<\/div>\n\t\t\t\t<div class=\"elementor-element elementor-element-f274996 elementor-widget elementor-widget-text-editor\" data-id=\"f274996\" data-element_type=\"widget\" data-e-type=\"widget\" data-widget_type=\"text-editor.default\">\n\t\t\t\t<div class=\"elementor-widget-container\">\n\t\t\t\t\t\t\t\t\t<ul><li>Nuestras empresas colaboran para ofrecer a los clientes soluciones objetivas de empaquetado de papel y pl\u00e1stico que aportan un valor convincente.<\/li><li>Nuestros empleados comprenden plenamente el negocio de nuestros clientes y desarrollan ofertas innovadoras que se anticipan a sus necesidades.<\/li><li>Nuestra gente y nuestros productos y servicios marcan una diferencia positiva tanto para nuestros clientes como para las comunidades donde vivimos y trabajamos, respetando y protegiendo el medio ambiente.<\/li><li>Nuestro compromiso con el crecimiento, la excelencia operativa y un grupo de trabajo diverso nos permiten atraer y retener a los mejores empleados.<\/li><li>Menasha proporciona rendimientos superiores, lo que se traduce en una inversi\u00f3n significativa para las generaciones de accionistas actuales y futuras.<\/li><\/ul>\t\t\t\t\t\t\t\t<\/div>\n\t\t\t\t<\/div>\n\t\t\t\t\t<\/div>\n\t\t<\/div>\n\t\t\t\t\t<\/div>\n\t\t<\/section>\n\t\t\t\t<section data-particle_enable=\"false\" data-particle-mobile-disabled=\"false\" class=\"elementor-section elementor-top-section elementor-element elementor-element-3a8facc8 elementor-section-boxed elementor-section-height-default elementor-section-height-default\" data-id=\"3a8facc8\" data-element_type=\"section\" data-e-type=\"section\" data-settings=\"{&quot;background_background&quot;:&quot;classic&quot;}\">\n\t\t\t\t\t\t<div class=\"elementor-container elementor-column-gap-default\">\n\t\t\t\t\t<div class=\"elementor-column elementor-col-100 elementor-top-column elementor-element elementor-element-1ab4a378\" data-id=\"1ab4a378\" data-element_type=\"column\" data-e-type=\"column\">\n\t\t\t<div class=\"elementor-widget-wrap elementor-element-populated\">\n\t\t\t\t\t\t<div class=\"elementor-element elementor-element-7982169c elementor-widget elementor-widget-text-editor\" data-id=\"7982169c\" data-element_type=\"widget\" data-e-type=\"widget\" data-widget_type=\"text-editor.default\">\n\t\t\t\t<div class=\"elementor-widget-container\">\n\t\t\t\t\t\t\t\t\t<p>Valores<\/p>\t\t\t\t\t\t\t\t<\/div>\n\t\t\t\t<\/div>\n\t\t\t\t<div class=\"elementor-element elementor-element-6c2956e6 elementor-hidden-mobile elementor-widget elementor-widget-text-editor\" data-id=\"6c2956e6\" data-element_type=\"widget\" data-e-type=\"widget\" data-widget_type=\"text-editor.default\">\n\t\t\t\t<div class=\"elementor-widget-container\">\n\t\t\t\t\t\t\t\t\t<p class=\"green-first\">M antenemos nuestros compromisos<\/p>\n<p class=\"green-first\">E xcelencia en el servicio a nuestros clientes<\/p>\n<p class=\"green-first\">N ivel total de participaci\u00f3n y mejoramiento del vecindario<\/p>\n<p class=\"green-first\">A ptitud para ver y aceptar los cambio para automejorarnos continuamente<\/p>\n<p class=\"green-first\">S inceridad y franqueza en todo lo que hacemos<\/p>\n<p class=\"green-first\">H onestidad, integridad y respeto<\/p>\n<p class=\"green-first\">A nuestros clientes, proveedores, accionistas y a nosotros mismos, rendimos cuentas<\/p>\t\t\t\t\t\t\t\t<\/div>\n\t\t\t\t<\/div>\n\t\t\t\t<div class=\"elementor-element elementor-element-3c59b2ba mobile-first-letter elementor-hidden-desktop elementor-hidden-tablet elementor-widget elementor-widget-text-editor\" data-id=\"3c59b2ba\" data-element_type=\"widget\" data-e-type=\"widget\" data-widget_type=\"text-editor.default\">\n\t\t\t\t<div class=\"elementor-widget-container\">\n\t\t\t\t\t\t\t\t\t<p class=\"green-first\">M antenemos nuestros compromisos<\/p><p class=\"green-first\">E xcelencia en el servicio a nuestros clientes<\/p><p class=\"green-first\">N ivel total de participaci\u00f3n y mejoramiento del vecindario<\/p><p class=\"green-first\">A ptitud para ver y aceptar los cambio para automejorarnos continuamente<\/p><p class=\"green-first\">S inceridad y franqueza en todo lo que hacemos<\/p><p class=\"green-first\">H onestidad, integridad y respeto<\/p><p class=\"green-first\">A nuestros clientes, proveedores, accionistas y a nosotros mismos, rendimos cuentas<\/p>\t\t\t\t\t\t\t\t<\/div>\n\t\t\t\t<\/div>\n\t\t\t\t\t<\/div>\n\t\t<\/div>\n\t\t\t\t\t<\/div>\n\t\t<\/section>\n\t\t\t\t<\/div>\n\t\t","protected":false},"excerpt":{"rendered":"<p>Nuestras empresas: Menasha Packaging Company ORBIS Corporation Misi\u00f3n Dos empresas. Una visi\u00f3n. Menasha Corporation es una empresa familiar privada fundada en 1849. Con sede en Neenah, Wisconsin, operamos en 112 lugares de Norteam\u00e9rica y Europa, tenemos m\u00e1s de 7000 empleados y nuestras ventas anuales superan los $2000 millones. Estamos conformados por dos compa\u00f1\u00edas: Menasha Packaging [&hellip;]<\/p>\n","protected":false},"author":7,"featured_media":856,"parent":0,"menu_order":0,"comment_status":"closed","ping_status":"closed","template":"","meta":{"footnotes":""},"class_list":["post-1204","page","type-page","status-publish","has-post-thumbnail","hentry"],"yoast_head":"<!-- This site is optimized with the Yoast SEO plugin v27.3 - https:\/\/yoast.com\/product\/yoast-seo-wordpress\/ -->\n<title>Menasha Corporation | Misi\u00f3n<\/title>\n<meta name=\"description\" content=\"La misi\u00f3n de Menasha es ayudar a nuestros clientes a proteger, transportar y promocionar sus productos mejor que nadie.\" \/>\n<meta name=\"robots\" content=\"index, follow, max-snippet:-1, max-image-preview:large, max-video-preview:-1\" \/>\n<link rel=\"canonical\" href=\"https:\/\/dev.menashacorporation.com\/es\/mision\/\" \/>\n<meta property=\"og:locale\" content=\"es_ES\" \/>\n<meta property=\"og:type\" content=\"article\" \/>\n<meta property=\"og:title\" content=\"Menasha Corporation | Misi\u00f3n\" \/>\n<meta property=\"og:description\" content=\"La misi\u00f3n de Menasha es ayudar a nuestros clientes a proteger, transportar y promocionar sus productos mejor que nadie.\" \/>\n<meta property=\"og:url\" content=\"https:\/\/dev.menashacorporation.com\/es\/mision\/\" \/>\n<meta property=\"og:site_name\" content=\"Menasha Corporate\" \/>\n<meta property=\"article:modified_time\" content=\"2025-04-08T13:24:15+00:00\" \/>\n<meta property=\"og:image\" content=\"https:\/\/dev.menashacorporation.com\/wp-content\/uploads\/2023\/04\/shutterstock_1714437823_1240x600_desktop.jpg\" \/>\n\t<meta property=\"og:image:width\" content=\"1240\" \/>\n\t<meta property=\"og:image:height\" content=\"600\" \/>\n\t<meta property=\"og:image:type\" content=\"image\/jpeg\" \/>\n<meta name=\"twitter:card\" content=\"summary_large_image\" \/>\n<meta name=\"twitter:label1\" content=\"Est. reading time\" \/>\n\t<meta name=\"twitter:data1\" content=\"2 minutes\" \/>\n<script type=\"application\/ld+json\" class=\"yoast-schema-graph\">{\"@context\":\"https:\\\/\\\/schema.org\",\"@graph\":[{\"@type\":\"WebPage\",\"@id\":\"https:\\\/\\\/dev.menashacorporation.com\\\/es\\\/mision\\\/\",\"url\":\"https:\\\/\\\/dev.menashacorporation.com\\\/es\\\/mision\\\/\",\"name\":\"Menasha Corporation | Misi\u00f3n\",\"isPartOf\":{\"@id\":\"https:\\\/\\\/dev.menashacorporation.com\\\/#website\"},\"primaryImageOfPage\":{\"@id\":\"https:\\\/\\\/dev.menashacorporation.com\\\/es\\\/mision\\\/#primaryimage\"},\"image\":{\"@id\":\"https:\\\/\\\/dev.menashacorporation.com\\\/es\\\/mision\\\/#primaryimage\"},\"thumbnailUrl\":\"https:\\\/\\\/dev.menashacorporation.com\\\/wp-content\\\/uploads\\\/2023\\\/04\\\/shutterstock_1714437823_1240x600_desktop.jpg\",\"datePublished\":\"2023-04-04T15:58:14+00:00\",\"dateModified\":\"2025-04-08T13:24:15+00:00\",\"description\":\"La misi\u00f3n de Menasha es ayudar a nuestros clientes a proteger, transportar y promocionar sus productos mejor que nadie.\",\"breadcrumb\":{\"@id\":\"https:\\\/\\\/dev.menashacorporation.com\\\/es\\\/mision\\\/#breadcrumb\"},\"inLanguage\":\"es\",\"potentialAction\":[{\"@type\":\"ReadAction\",\"target\":[\"https:\\\/\\\/dev.menashacorporation.com\\\/es\\\/mision\\\/\"]}]},{\"@type\":\"ImageObject\",\"inLanguage\":\"es\",\"@id\":\"https:\\\/\\\/dev.menashacorporation.com\\\/es\\\/mision\\\/#primaryimage\",\"url\":\"https:\\\/\\\/dev.menashacorporation.com\\\/wp-content\\\/uploads\\\/2023\\\/04\\\/shutterstock_1714437823_1240x600_desktop.jpg\",\"contentUrl\":\"https:\\\/\\\/dev.menashacorporation.com\\\/wp-content\\\/uploads\\\/2023\\\/04\\\/shutterstock_1714437823_1240x600_desktop.jpg\",\"width\":1240,\"height\":600},{\"@type\":\"BreadcrumbList\",\"@id\":\"https:\\\/\\\/dev.menashacorporation.com\\\/es\\\/mision\\\/#breadcrumb\",\"itemListElement\":[{\"@type\":\"ListItem\",\"position\":1,\"name\":\"Home\",\"item\":\"https:\\\/\\\/dev.menashacorporation.com\\\/es\\\/\"},{\"@type\":\"ListItem\",\"position\":2,\"name\":\"Misi\u00f3n\"}]},{\"@type\":\"WebSite\",\"@id\":\"https:\\\/\\\/dev.menashacorporation.com\\\/#website\",\"url\":\"https:\\\/\\\/dev.menashacorporation.com\\\/\",\"name\":\"Menasha Corporate\",\"description\":\"\",\"publisher\":{\"@id\":\"https:\\\/\\\/dev.menashacorporation.com\\\/#organization\"},\"potentialAction\":[{\"@type\":\"SearchAction\",\"target\":{\"@type\":\"EntryPoint\",\"urlTemplate\":\"https:\\\/\\\/dev.menashacorporation.com\\\/?s={search_term_string}\"},\"query-input\":{\"@type\":\"PropertyValueSpecification\",\"valueRequired\":true,\"valueName\":\"search_term_string\"}}],\"inLanguage\":\"es\"},{\"@type\":\"Organization\",\"@id\":\"https:\\\/\\\/dev.menashacorporation.com\\\/#organization\",\"name\":\"Menasha Corporate\",\"url\":\"https:\\\/\\\/dev.menashacorporation.com\\\/\",\"logo\":{\"@type\":\"ImageObject\",\"inLanguage\":\"es\",\"@id\":\"https:\\\/\\\/dev.menashacorporation.com\\\/#\\\/schema\\\/logo\\\/image\\\/\",\"url\":\"https:\\\/\\\/dev.menashacorporation.com\\\/wp-content\\\/uploads\\\/2023\\\/02\\\/Menasha-Corp-logo-and-tagline-full-color.png\",\"contentUrl\":\"https:\\\/\\\/dev.menashacorporation.com\\\/wp-content\\\/uploads\\\/2023\\\/02\\\/Menasha-Corp-logo-and-tagline-full-color.png\",\"width\":1676,\"height\":431,\"caption\":\"Menasha Corporate\"},\"image\":{\"@id\":\"https:\\\/\\\/dev.menashacorporation.com\\\/#\\\/schema\\\/logo\\\/image\\\/\"}}]}<\/script>\n<!-- \/ Yoast SEO plugin. -->","yoast_head_json":{"title":"Menasha Corporation | Misi\u00f3n","description":"La misi\u00f3n de Menasha es ayudar a nuestros clientes a proteger, transportar y promocionar sus productos mejor que nadie.","robots":{"index":"index","follow":"follow","max-snippet":"max-snippet:-1","max-image-preview":"max-image-preview:large","max-video-preview":"max-video-preview:-1"},"canonical":"https:\/\/dev.menashacorporation.com\/es\/mision\/","og_locale":"es_ES","og_type":"article","og_title":"Menasha Corporation | Misi\u00f3n","og_description":"La misi\u00f3n de Menasha es ayudar a nuestros clientes a proteger, transportar y promocionar sus productos mejor que nadie.","og_url":"https:\/\/dev.menashacorporation.com\/es\/mision\/","og_site_name":"Menasha Corporate","article_modified_time":"2025-04-08T13:24:15+00:00","og_image":[{"width":1240,"height":600,"url":"https:\/\/dev.menashacorporation.com\/wp-content\/uploads\/2023\/04\/shutterstock_1714437823_1240x600_desktop.jpg","type":"image\/jpeg"}],"twitter_card":"summary_large_image","twitter_misc":{"Est. reading time":"2 minutes"},"schema":{"@context":"https:\/\/schema.org","@graph":[{"@type":"WebPage","@id":"https:\/\/dev.menashacorporation.com\/es\/mision\/","url":"https:\/\/dev.menashacorporation.com\/es\/mision\/","name":"Menasha Corporation | Misi\u00f3n","isPartOf":{"@id":"https:\/\/dev.menashacorporation.com\/#website"},"primaryImageOfPage":{"@id":"https:\/\/dev.menashacorporation.com\/es\/mision\/#primaryimage"},"image":{"@id":"https:\/\/dev.menashacorporation.com\/es\/mision\/#primaryimage"},"thumbnailUrl":"https:\/\/dev.menashacorporation.com\/wp-content\/uploads\/2023\/04\/shutterstock_1714437823_1240x600_desktop.jpg","datePublished":"2023-04-04T15:58:14+00:00","dateModified":"2025-04-08T13:24:15+00:00","description":"La misi\u00f3n de Menasha es ayudar a nuestros clientes a proteger, transportar y promocionar sus productos mejor que nadie.","breadcrumb":{"@id":"https:\/\/dev.menashacorporation.com\/es\/mision\/#breadcrumb"},"inLanguage":"es","potentialAction":[{"@type":"ReadAction","target":["https:\/\/dev.menashacorporation.com\/es\/mision\/"]}]},{"@type":"ImageObject","inLanguage":"es","@id":"https:\/\/dev.menashacorporation.com\/es\/mision\/#primaryimage","url":"https:\/\/dev.menashacorporation.com\/wp-content\/uploads\/2023\/04\/shutterstock_1714437823_1240x600_desktop.jpg","contentUrl":"https:\/\/dev.menashacorporation.com\/wp-content\/uploads\/2023\/04\/shutterstock_1714437823_1240x600_desktop.jpg","width":1240,"height":600},{"@type":"BreadcrumbList","@id":"https:\/\/dev.menashacorporation.com\/es\/mision\/#breadcrumb","itemListElement":[{"@type":"ListItem","position":1,"name":"Home","item":"https:\/\/dev.menashacorporation.com\/es\/"},{"@type":"ListItem","position":2,"name":"Misi\u00f3n"}]},{"@type":"WebSite","@id":"https:\/\/dev.menashacorporation.com\/#website","url":"https:\/\/dev.menashacorporation.com\/","name":"Menasha Corporate","description":"","publisher":{"@id":"https:\/\/dev.menashacorporation.com\/#organization"},"potentialAction":[{"@type":"SearchAction","target":{"@type":"EntryPoint","urlTemplate":"https:\/\/dev.menashacorporation.com\/?s={search_term_string}"},"query-input":{"@type":"PropertyValueSpecification","valueRequired":true,"valueName":"search_term_string"}}],"inLanguage":"es"},{"@type":"Organization","@id":"https:\/\/dev.menashacorporation.com\/#organization","name":"Menasha Corporate","url":"https:\/\/dev.menashacorporation.com\/","logo":{"@type":"ImageObject","inLanguage":"es","@id":"https:\/\/dev.menashacorporation.com\/#\/schema\/logo\/image\/","url":"https:\/\/dev.menashacorporation.com\/wp-content\/uploads\/2023\/02\/Menasha-Corp-logo-and-tagline-full-color.png","contentUrl":"https:\/\/dev.menashacorporation.com\/wp-content\/uploads\/2023\/02\/Menasha-Corp-logo-and-tagline-full-color.png","width":1676,"height":431,"caption":"Menasha Corporate"},"image":{"@id":"https:\/\/dev.menashacorporation.com\/#\/schema\/logo\/image\/"}}]}},"featured_image_src":"https:\/\/dev.menashacorporation.com\/wp-content\/uploads\/2023\/04\/shutterstock_1714437823_1240x600_desktop-600x400.jpg","featured_image_src_square":"https:\/\/dev.menashacorporation.com\/wp-content\/uploads\/2023\/04\/shutterstock_1714437823_1240x600_desktop-600x600.jpg","_links":{"self":[{"href":"https:\/\/dev.menashacorporation.com\/es\/wp-json\/wp\/v2\/pages\/1204","targetHints":{"allow":["GET"]}}],"collection":[{"href":"https:\/\/dev.menashacorporation.com\/es\/wp-json\/wp\/v2\/pages"}],"about":[{"href":"https:\/\/dev.menashacorporation.com\/es\/wp-json\/wp\/v2\/types\/page"}],"author":[{"embeddable":true,"href":"https:\/\/dev.menashacorporation.com\/es\/wp-json\/wp\/v2\/users\/7"}],"replies":[{"embeddable":true,"href":"https:\/\/dev.menashacorporation.com\/es\/wp-json\/wp\/v2\/comments?post=1204"}],"version-history":[{"count":0,"href":"https:\/\/dev.menashacorporation.com\/es\/wp-json\/wp\/v2\/pages\/1204\/revisions"}],"wp:featuredmedia":[{"embeddable":true,"href":"https:\/\/dev.menashacorporation.com\/es\/wp-json\/wp\/v2\/media\/856"}],"wp:attachment":[{"href":"https:\/\/dev.menashacorporation.com\/es\/wp-json\/wp\/v2\/media?parent=1204"}],"curies":[{"name":"wp","href":"https:\/\/api.w.org\/{rel}","templated":true}]}}