{"id":1199,"date":"2023-04-25T17:11:03","date_gmt":"2023-04-25T17:11:03","guid":{"rendered":"https:\/\/dev.menashacorporation.com\/politica-de-privacidad\/"},"modified":"2024-03-05T21:21:09","modified_gmt":"2024-03-05T21:21:09","slug":"politica-de-privacidad","status":"publish","type":"page","link":"https:\/\/dev.menashacorporation.com\/es\/politica-de-privacidad\/","title":{"rendered":"Pol\u00edtica de privacidad"},"content":{"rendered":"\t\t<div data-elementor-type=\"wp-page\" data-elementor-id=\"1199\" class=\"elementor elementor-1199 elementor-557\" data-elementor-post-type=\"page\">\n\t\t\t\t\t\t<section data-particle_enable=\"false\" data-particle-mobile-disabled=\"false\" class=\"elementor-section elementor-top-section elementor-element elementor-element-16f7955c elementor-section-boxed elementor-section-height-default elementor-section-height-default\" data-id=\"16f7955c\" data-element_type=\"section\" data-e-type=\"section\" data-settings=\"{&quot;background_background&quot;:&quot;classic&quot;}\">\n\t\t\t\t\t\t<div class=\"elementor-container elementor-column-gap-default\">\n\t\t\t\t\t<div class=\"elementor-column elementor-col-33 elementor-top-column elementor-element elementor-element-4ac32cb8\" data-id=\"4ac32cb8\" data-element_type=\"column\" data-e-type=\"column\">\n\t\t\t<div class=\"elementor-widget-wrap elementor-element-populated\">\n\t\t\t\t\t\t<div class=\"elementor-element elementor-element-39e8fd45 elementor-widget elementor-widget-heading\" data-id=\"39e8fd45\" data-element_type=\"widget\" data-e-type=\"widget\" data-widget_type=\"heading.default\">\n\t\t\t\t<div class=\"elementor-widget-container\">\n\t\t\t\t\t<p class=\"elementor-heading-title elementor-size-default\">Nuestras Compa\u00f1\u00edas:<\/p>\t\t\t\t<\/div>\n\t\t\t\t<\/div>\n\t\t\t\t\t<\/div>\n\t\t<\/div>\n\t\t\t\t<div class=\"elementor-column elementor-col-33 elementor-top-column elementor-element elementor-element-857d6d\" data-id=\"857d6d\" data-element_type=\"column\" data-e-type=\"column\">\n\t\t\t<div class=\"elementor-widget-wrap elementor-element-populated\">\n\t\t\t\t\t\t<div class=\"elementor-element elementor-element-1d2d6f4c elementor-widget elementor-widget-heading\" data-id=\"1d2d6f4c\" data-element_type=\"widget\" data-e-type=\"widget\" data-widget_type=\"heading.default\">\n\t\t\t\t<div class=\"elementor-widget-container\">\n\t\t\t\t\t<p class=\"elementor-heading-title elementor-size-default\"><a href=\"https:\/\/www.menasha.com\/\" target=\"_blank\">Menasha Packaging Company<\/a><\/p>\t\t\t\t<\/div>\n\t\t\t\t<\/div>\n\t\t\t\t\t<\/div>\n\t\t<\/div>\n\t\t\t\t<div class=\"elementor-column elementor-col-33 elementor-top-column elementor-element elementor-element-f291a2\" data-id=\"f291a2\" data-element_type=\"column\" data-e-type=\"column\">\n\t\t\t<div class=\"elementor-widget-wrap elementor-element-populated\">\n\t\t\t\t\t\t<div class=\"elementor-element elementor-element-5c2733b8 elementor-widget elementor-widget-heading\" data-id=\"5c2733b8\" data-element_type=\"widget\" data-e-type=\"widget\" data-widget_type=\"heading.default\">\n\t\t\t\t<div class=\"elementor-widget-container\">\n\t\t\t\t\t<p class=\"elementor-heading-title elementor-size-default\"><a href=\"https:\/\/www.orbiscorporation.com\/\" target=\"_blank\">ORBIS Corporation<\/a><\/p>\t\t\t\t<\/div>\n\t\t\t\t<\/div>\n\t\t\t\t\t<\/div>\n\t\t<\/div>\n\t\t\t\t\t<\/div>\n\t\t<\/section>\n\t\t\t\t<section data-particle_enable=\"false\" data-particle-mobile-disabled=\"false\" class=\"elementor-section elementor-top-section elementor-element elementor-element-928e1d6 elementor-section-boxed elementor-section-height-default elementor-section-height-default\" data-id=\"928e1d6\" data-element_type=\"section\" data-e-type=\"section\">\n\t\t\t\t\t\t<div class=\"elementor-container elementor-column-gap-default\">\n\t\t\t\t\t<div class=\"elementor-column elementor-col-100 elementor-top-column elementor-element elementor-element-5593c4c\" data-id=\"5593c4c\" data-element_type=\"column\" data-e-type=\"column\">\n\t\t\t<div class=\"elementor-widget-wrap elementor-element-populated\">\n\t\t\t\t\t\t<div class=\"elementor-element elementor-element-166aa2f elementor-widget elementor-widget-text-editor\" data-id=\"166aa2f\" data-element_type=\"widget\" data-e-type=\"widget\" data-widget_type=\"text-editor.default\">\n\t\t\t\t<div class=\"elementor-widget-container\">\n\t\t\t\t\t\t\t\t\t<h1>POL\u00cdTICA DE PRIVACIDAD<\/h1>\n<p>Fecha de entrada en vigor: 20 de diciembre de 2016<\/p>\n<p>Menasha Corporation (&#8220;Menasha&#8221;) se toma muy en serio la confidencialidad de su informaci\u00f3n personal. La siguiente pol\u00edtica de privacidad describe c\u00f3mo recopilamos y usamos la informaci\u00f3n a trav\u00e9s de este sitio web. <strong>AL ACCEDER O UTILIZAR ESTE SITIO WEB, USTED ACEPTA LAS CONDICIONES DE ESTA POL\u00cdTICA DE PRIVACIDAD Y LA RECOPILACI\u00d3N Y USO DE LA INFORMACI\u00d3N TAL Y COMO SE INDICA EN ELLA. SI NO EST\u00c1 DE ACUERDO CON LAS CONDICIONES DE ESTA POL\u00cdTICA DE PRIVACIDAD, NO ACCEDA A ESTE SITIO WEB.<\/strong><\/p>\n<p>Menasha se reserva el derecho de modificar o enmendar esta pol\u00edtica de privacidad en cualquier momento. Todos los cambios entrar\u00e1n en vigor inmediatamente despu\u00e9s de su publicaci\u00f3n en este sitio web. Los cambios materiales se publicar\u00e1n de forma visible en este sitio web. Al acceder o utilizar este sitio web tras la publicaci\u00f3n de los cambios, usted acepta y consiente dichos cambios.<\/p>\n<h2>INFORMACI\u00d3N DE IDENTIFICACI\u00d3N PERSONAL DE LA CUENTA<\/h2>\n<p>Menasha puede recopilar informaci\u00f3n que usted comparta voluntariamente con nosotros al presentar una solicitud de servicios, as\u00ed como otra informaci\u00f3n, por ejemplo, a trav\u00e9s de direcciones de protocolo de Internet (Internet Protocol, &#8220;IP&#8221;) y uso de &#8220;cookies&#8221;, que pueden introducirse en su computadora cuando accede al sitio web. (Consulte las secciones sobre <strong>direcciones IP<\/strong> y <strong>Cookies<\/strong>m\u00e1s adelante)<\/p>\n<p>Menasha puede recopilar cualquier contenido, registro o comunicaci\u00f3n electr\u00f3nica de cualquier tipo, lo que incluye, entre otra, su (1) informaci\u00f3n de contacto, (2) informaci\u00f3n demogr\u00e1fica y (3) otra informaci\u00f3n personal necesaria para procesar su solicitud de empleo o petici\u00f3n de servicios a Menasha, para que podamos proporcionarle la informaci\u00f3n o los servicios que solicite y para que podamos comunicarnos con usted y enviarle informaci\u00f3n y materiales con fines de mercadeo y de otro tipo, sujeto a las leyes vigentes y a las condiciones de la pol\u00edtica de privacidad.<\/p>\n<p>No vendemos, rentamos ni prestamos su informaci\u00f3n de identificaci\u00f3n personal a terceros.<\/p>\n<p>Adem\u00e1s, podemos utilizar y compartir informaci\u00f3n agregada que no lo identifique de forma exclusiva cuando nos permita mejorar y enriquecer nuestros servicios y el contenido del sitio web. Adem\u00e1s, Menasha se reserva el derecho de utilizar y compartir su informaci\u00f3n en el caso de que considere que hacerlo es necesario para operar este sitio web o cuando la divulgaci\u00f3n puede ser requerida por la ley o para proteger el derecho de Menasha o los derechos de terceros a cualquier informaci\u00f3n recopilada en este sitio web, y puede recopilar, utilizar y divulgar libremente la informaci\u00f3n a menos que est\u00e9 prohibido por esta pol\u00edtica de privacidad o la ley vigente. En caso de cambio de control de Menasha o de venta por parte de Menasha de la totalidad de sus activos, cualquier informaci\u00f3n que sea propiedad o est\u00e9 bajo el control de Menasha podr\u00e1 ser transferida al sucesor de Menasha, que cumplir\u00e1 las condiciones de la presente pol\u00edtica de privacidad de Menasha.<\/p>\n<h2>PROPIEDAD DE LA INFORMACI\u00d3N RECOPILADA<\/h2>\n<p>Menasha mantiene todos los derechos sobre cualquier informaci\u00f3n recopilada en este sitio web, y puede recopilar, utilizar y divulgar libremente la informaci\u00f3n a menos que est\u00e9 prohibido por esta pol\u00edtica de privacidad o la ley vigente. En caso de cambio de control de Menasha o de venta por parte de Menasha de la totalidad de sus activos, cualquier informaci\u00f3n que sea propiedad o est\u00e9 bajo el control de Menasha podr\u00e1 ser transferida al sucesor de Menasha, que cumplir\u00e1 las condiciones de la presente pol\u00edtica de privacidad de Menasha.<\/p>\n<h2>COMPARTIR INFORMACI\u00d3N CON NUESTROS PROVEEDORES<\/h2>\n<p>Seg\u00fan lo permita la ley vigente, podemos compartir la informaci\u00f3n que recopilamos con nuestros proveedores de servicios profesionales y otros proveedores seg\u00fan sea necesario para nosotros, con el porposito de proporcionarle a usted el sitio web, nuestros productos y servicios. Estos proveedores incluyen a nuestro proveedor de servicios de selecci\u00f3n de personal, Enliten Solutions, LLC, que opera bajo el nombre comercial de SourceMob. Le recomendamos que consulte la pol\u00edtica de privacidad de SourceMob, que se encuentra en <a href=\"http:\/\/sourcemob.com\/about-us\/privacy-policy\/\">http:\/\/sourcemob.com\/about-us\/privacy-policy\/<\/a>. Exigimos a nuestros proveedores que cumplan todas las leyes y reglamentos vigentes en materia de privacidad de datos y est\u00e1n autorizados a utilizar su informaci\u00f3n de identificaci\u00f3n personal seg\u00fan sea necesario para prestar los servicios a Menasha.<\/p>\n<h2>DIRECCIONES IP<\/h2>\n<p>Menasha registra las direcciones IP con fines de administraci\u00f3n de sistemas. Las direcciones IP no se utilizan para rastrear la sesi\u00f3n de un usuario. Esta informaci\u00f3n solo nos ayuda a determinar con qu\u00e9 frecuencia se visitan las diferentes secciones de nuestro sitio. No vinculamos la direcci\u00f3n IP a ninguna informaci\u00f3n que sea de identificaci\u00f3n personal..<\/p>\n<h2>COOKIES<\/h2>\n<p>Menasha puede utilizar cookies para rastrear el uso de nuestro sitio web y para facilitar y mejorar su experiencia en nuestro sitio web. Las &#8220;cookies&#8221; son peque\u00f1os fragmentos de informaci\u00f3n que su navegador almacena en el disco duro de su computadora. Nuestras cookies nos permiten facilitar el acceso a diferentes aspectos de nuestro sitio web. Por ejemplo, al mostrar cu\u00e1ndo y c\u00f3mo usted y otras personas visitan nuestro sitio web, las cookies nos ayudan a saber qu\u00e9 p\u00e1ginas del sitio web son populares y cu\u00e1les no. Las cookies tambi\u00e9n pueden ayudarnos a mejorar su disfrute de este sitio web, por ejemplo, recordando su direcci\u00f3n u otra informaci\u00f3n personal cuando solicita informaci\u00f3n o servicios en el sitio web..<\/p>\n<p>La mayor\u00eda de los navegadores aceptan autom\u00e1ticamente las cookies, pero usted puede desactivar esta funci\u00f3n para que su navegador no las acepte. Tenga en cuenta que desactivar esta funci\u00f3n puede afectar al uso y disfrute de este sitio web..<\/p>\n<h2>ACCESO DE NI\u00d1OS<\/h2>\n<p>Este sitio web no est\u00e1 dirigido a ni\u00f1os menores de 13 a\u00f1os y Menasha no recopila ni utiliza conscientemente informaci\u00f3n de ellos a trav\u00e9s de este sitio web<\/p>\n<h2>GOOGLE ANALYTICS<\/h2>\n<p>Este sitio web utiliza Google Analytics, un servicio de an\u00e1lisis web proporcionado por Google Inc. para recopilar informaci\u00f3n sobre el uso que usted hace del sitio, el cual su navegador web env\u00eda autom\u00e1ticamente a Google. Esta informaci\u00f3n incluye las URL de los sitios web que visita y su direcci\u00f3n IP. Google tambi\u00e9n puede instalar cookies o leer cookies preexistentes. Esta informaci\u00f3n se almacena en los servidores de Google. Google utiliza esta informaci\u00f3n para proporcionarnos informes sobre el tr\u00e1fico del sitio web y sus visitas al mismo (por ejemplo, el dominio desde el que accede a Internet, la direcci\u00f3n web del sitio web desde el que enlaz\u00f3 con el Sitio y la fecha y hora de su visita a los sitios web que consulta y en los que hace clic). Utilizaremos estos datos para mejorar la estructura y el contenido del sitio web. Google puede utilizar estos datos de acuerdo con su pol\u00edtica de privacidad, que se encuentra en <a href=\"http:\/\/www.google.com\/policies\/privacy\">http:\/\/www.google.com\/policies\/privacy<\/a>. Para obtener m\u00e1s informaci\u00f3n sobre c\u00f3mo utiliza Google sus datos, visite <a href=\"http:\/\/www.google.com\/policies\/privacy\/partners\">http:\/\/www.google.com\/policies\/privacy\/partners<\/a>. Puede excluir nuestro uso de Google Analytics visitando el sitio web de exclusi\u00f3n de Google Analytics en <a href=\"http:\/\/tools.google.com\/dlpage\/gaoptout\">http:\/\/tools.google.com\/dlpage\/gaoptout<\/a> e instalar el complemento de exclusi\u00f3n de navegadores de Google Analytics. Recuerde que deber\u00e1 realizar la exclusi\u00f3n en cada navegador que utilice.<\/p>\n<h2>NO SEGUIMIENTO<\/h2>\n<p>Recopilaremos autom\u00e1ticamente cookies y otra informaci\u00f3n de identificaci\u00f3n no personal cuando visite este sitio. Debido a esta recopilaci\u00f3n autom\u00e1tica, actualmente no aceptamos solicitudes de no seguimiento.<\/p>\n<h2>COMUNICACI\u00d3N POR CORREO ELECTR\u00d3NICO<\/h2>\n<p>Menasha puede utilizar su informaci\u00f3n personal para enviarle comunicaciones a las que usted se haya suscrito. Usted tiene la oportunidad de excluirse en cualquier momento de las comunicaciones que enviamos. Para dejar de recibir comunicaciones promocionales solo tiene que cambiar las preferencias en su cuenta.<\/p>\n<h2>SEGURIDAD<\/h2>\n<p>Limitamos el acceso a su informaci\u00f3n de identificaci\u00f3n personal a nuestros empleados y agentes externos que creemos razonablemente que necesitan tener acceso a su informaci\u00f3n para proporcionarle la informaci\u00f3n o los servicios que solicita a Menasha.<\/p>\n<p>Este sitio web cuenta con medidas de seguridad para ayudar a proteger contra la p\u00e9rdida, el uso indebido y la alteraci\u00f3n de la informaci\u00f3n bajo nuestro control. Aunque no podemos garantizar que no se produzcan p\u00e9rdidas, usos indebidos o alteraciones de los datos, Menasha utiliza est\u00e1ndares industriales para ayudar a salvaguardar los datos contra p\u00e9rdidas, usos indebidos o alteraciones. En caso de que se produzca una violaci\u00f3n de nuestros sistemas de seguridad y exista la posibilidad de que una persona no autorizada adquiera su informaci\u00f3n personal, Menasha le notificar\u00e1 dicha violaci\u00f3n de conformidad con la ley vigente.<\/p>\n<h2>ACCESO A SU INFORMACI\u00d3N PERSONAL<\/h2>\n<p>Si desea tener acceso a su informaci\u00f3n personal en nuestros registros, env\u00edenos su solicitud a <a href=\"mailto:in**@*****ha.com\" data-original-string=\"5YRC44g1lLH8QSiI\/Pl8DQ==c2bbKCOAQkkMEXKwDvTvE6V1xIz7DefZobz3TNuNlMfpwM=\" title=\"This contact has been encoded by Anti-Spam by CleanTalk. Click to decode. To finish the decoding make sure that JavaScript is enabled in your browser.\"><span \n                data-original-string='X1mALpALe4xwOyAvaqHruQ==c2bEgVbQ+gisTEjsULhCVugCUSF2E0QLa+XrpUjCTxiUIA='\n                class='apbct-email-encoder'\n                title='This contact has been encoded by Anti-Spam by CleanTalk. Click to decode. To finish the decoding make sure that JavaScript is enabled in your browser.'>in<span class=\"apbct-blur\">**<\/span>@<span class=\"apbct-blur\">*****<\/span>ha.com<\/span><\/a> . Tambi\u00e9n puede solicitar que actualicemos su informaci\u00f3n personal o que corrijamos cualquier error de hecho que considere que pueda existir en relaci\u00f3n con esta informaci\u00f3n. Por \u00faltimo, puede acceder a su cuenta y corregir su informaci\u00f3n personal.<\/p>\n<h2>SITIOS WEB DE TERCEROS<\/h2>\n<p>Este sitio web puede enlazar o estar enlazado con otros sitios web no mantenidos por Menasha ni relacionados con Menasha. Menasha no es responsable de las pol\u00edticas o pr\u00e1cticas de privacidad de terceros o de sitios web de terceros, incluidos los sitios web que est\u00e9n enlazados o a los que se est\u00e9 enlazando. En la medida en que usted divulgue informaci\u00f3n de identificaci\u00f3n personal a terceros, pueden aplicarse normas diferentes a su uso y divulgaci\u00f3n de la informaci\u00f3n personal que usted les revele. Le recomendamos que revise las pol\u00edticas de privacidad de todos los dem\u00e1s sitios web antes de revelarles su informaci\u00f3n personal.<\/p>\n<h2>CONT\u00c1CTENOS<\/h2>\n<p>Si tiene alguna pregunta o duda sobre esta pol\u00edtica de privacidad, p\u00f3ngase en contacto con nosotros en:<\/p>\n<p>Menasha Corporation<br \/>1645 Bergstrom Road<br \/>Neenah, WI 54956<br \/>N\u00famero gratuito: 800.558.5073<br \/>Local: 920.751.1000<br \/><span style=\"text-decoration: underline;\"><a href=\"mailto:in**@*****ha.com\" data-original-string=\"L9EGqPH9eY+V3tN9sA2iFQ==c2bUiWwMWObkFwOHE1EvNKQvRBhZxW2omhZOe01Fepn50c=\" title=\"This contact has been encoded by Anti-Spam by CleanTalk. Click to decode. To finish the decoding make sure that JavaScript is enabled in your browser.\"><span \n                data-original-string='Y6jSqv026HcJBkdr5F4NGA==c2bAxU3wy2LwZw9p6wCLdVNc5F63JNIryaJRtrqv7DEzfQ='\n                class='apbct-email-encoder'\n                title='This contact has been encoded by Anti-Spam by CleanTalk. Click to decode. To finish the decoding make sure that JavaScript is enabled in your browser.'>in<span class=\"apbct-blur\">**<\/span>@<span class=\"apbct-blur\">*****<\/span>ha.com<\/span><\/a><\/span><\/p>\n\t\t\t\t\t\t\t\t<\/div>\n\t\t\t\t<\/div>\n\t\t\t\t\t<\/div>\n\t\t<\/div>\n\t\t\t\t\t<\/div>\n\t\t<\/section>\n\t\t\t\t<\/div>\n\t\t","protected":false},"excerpt":{"rendered":"<p>Nuestras Compa\u00f1\u00edas: Menasha Packaging Company ORBIS Corporation POL\u00cdTICA DE PRIVACIDAD Fecha de entrada en vigor: 20 de diciembre de 2016 Menasha Corporation (&#8220;Menasha&#8221;) se toma muy en serio la confidencialidad de su informaci\u00f3n personal. La siguiente pol\u00edtica de privacidad describe c\u00f3mo recopilamos y usamos la informaci\u00f3n a trav\u00e9s de este sitio web. AL ACCEDER O [&hellip;]<\/p>\n","protected":false},"author":7,"featured_media":0,"parent":0,"menu_order":0,"comment_status":"closed","ping_status":"closed","template":"elementor_header_footer","meta":{"footnotes":""},"class_list":["post-1199","page","type-page","status-publish","hentry"],"yoast_head":"<!-- This site is optimized with the Yoast SEO plugin v27.3 - https:\/\/yoast.com\/product\/yoast-seo-wordpress\/ -->\n<title>Pol\u00edtica de privacidad - Menasha Corporate<\/title>\n<meta name=\"robots\" content=\"index, follow, max-snippet:-1, max-image-preview:large, max-video-preview:-1\" \/>\n<link rel=\"canonical\" href=\"https:\/\/dev.menashacorporation.com\/es\/politica-de-privacidad\/\" \/>\n<meta property=\"og:locale\" content=\"es_ES\" \/>\n<meta property=\"og:type\" content=\"article\" \/>\n<meta property=\"og:title\" content=\"Pol\u00edtica de privacidad - Menasha Corporate\" \/>\n<meta property=\"og:description\" content=\"Nuestras Compa\u00f1\u00edas: Menasha Packaging Company ORBIS Corporation POL\u00cdTICA DE PRIVACIDAD Fecha de entrada en vigor: 20 de diciembre de 2016 Menasha Corporation (&#8220;Menasha&#8221;) se toma muy en serio la confidencialidad de su informaci\u00f3n personal. La siguiente pol\u00edtica de privacidad describe c\u00f3mo recopilamos y usamos la informaci\u00f3n a trav\u00e9s de este sitio web. AL ACCEDER O [&hellip;]\" \/>\n<meta property=\"og:url\" content=\"https:\/\/dev.menashacorporation.com\/es\/politica-de-privacidad\/\" \/>\n<meta property=\"og:site_name\" content=\"Menasha Corporate\" \/>\n<meta property=\"article:modified_time\" content=\"2024-03-05T21:21:09+00:00\" \/>\n<meta name=\"twitter:card\" content=\"summary_large_image\" \/>\n<meta name=\"twitter:label1\" content=\"Est. reading time\" \/>\n\t<meta name=\"twitter:data1\" content=\"9 minutes\" \/>\n<script type=\"application\/ld+json\" class=\"yoast-schema-graph\">{\"@context\":\"https:\\\/\\\/schema.org\",\"@graph\":[{\"@type\":\"WebPage\",\"@id\":\"https:\\\/\\\/dev.menashacorporation.com\\\/es\\\/politica-de-privacidad\\\/\",\"url\":\"https:\\\/\\\/dev.menashacorporation.com\\\/es\\\/politica-de-privacidad\\\/\",\"name\":\"Pol\u00edtica de privacidad - Menasha Corporate\",\"isPartOf\":{\"@id\":\"https:\\\/\\\/dev.menashacorporation.com\\\/#website\"},\"datePublished\":\"2023-04-25T17:11:03+00:00\",\"dateModified\":\"2024-03-05T21:21:09+00:00\",\"breadcrumb\":{\"@id\":\"https:\\\/\\\/dev.menashacorporation.com\\\/es\\\/politica-de-privacidad\\\/#breadcrumb\"},\"inLanguage\":\"es\",\"potentialAction\":[{\"@type\":\"ReadAction\",\"target\":[\"https:\\\/\\\/dev.menashacorporation.com\\\/es\\\/politica-de-privacidad\\\/\"]}]},{\"@type\":\"BreadcrumbList\",\"@id\":\"https:\\\/\\\/dev.menashacorporation.com\\\/es\\\/politica-de-privacidad\\\/#breadcrumb\",\"itemListElement\":[{\"@type\":\"ListItem\",\"position\":1,\"name\":\"Home\",\"item\":\"https:\\\/\\\/dev.menashacorporation.com\\\/es\\\/\"},{\"@type\":\"ListItem\",\"position\":2,\"name\":\"Pol\u00edtica de privacidad\"}]},{\"@type\":\"WebSite\",\"@id\":\"https:\\\/\\\/dev.menashacorporation.com\\\/#website\",\"url\":\"https:\\\/\\\/dev.menashacorporation.com\\\/\",\"name\":\"Menasha Corporate\",\"description\":\"\",\"publisher\":{\"@id\":\"https:\\\/\\\/dev.menashacorporation.com\\\/#organization\"},\"potentialAction\":[{\"@type\":\"SearchAction\",\"target\":{\"@type\":\"EntryPoint\",\"urlTemplate\":\"https:\\\/\\\/dev.menashacorporation.com\\\/?s={search_term_string}\"},\"query-input\":{\"@type\":\"PropertyValueSpecification\",\"valueRequired\":true,\"valueName\":\"search_term_string\"}}],\"inLanguage\":\"es\"},{\"@type\":\"Organization\",\"@id\":\"https:\\\/\\\/dev.menashacorporation.com\\\/#organization\",\"name\":\"Menasha Corporate\",\"url\":\"https:\\\/\\\/dev.menashacorporation.com\\\/\",\"logo\":{\"@type\":\"ImageObject\",\"inLanguage\":\"es\",\"@id\":\"https:\\\/\\\/dev.menashacorporation.com\\\/#\\\/schema\\\/logo\\\/image\\\/\",\"url\":\"https:\\\/\\\/dev.menashacorporation.com\\\/wp-content\\\/uploads\\\/2023\\\/02\\\/Menasha-Corp-logo-and-tagline-full-color.png\",\"contentUrl\":\"https:\\\/\\\/dev.menashacorporation.com\\\/wp-content\\\/uploads\\\/2023\\\/02\\\/Menasha-Corp-logo-and-tagline-full-color.png\",\"width\":1676,\"height\":431,\"caption\":\"Menasha Corporate\"},\"image\":{\"@id\":\"https:\\\/\\\/dev.menashacorporation.com\\\/#\\\/schema\\\/logo\\\/image\\\/\"}}]}<\/script>\n<!-- \/ Yoast SEO plugin. -->","yoast_head_json":{"title":"Pol\u00edtica de privacidad - Menasha Corporate","robots":{"index":"index","follow":"follow","max-snippet":"max-snippet:-1","max-image-preview":"max-image-preview:large","max-video-preview":"max-video-preview:-1"},"canonical":"https:\/\/dev.menashacorporation.com\/es\/politica-de-privacidad\/","og_locale":"es_ES","og_type":"article","og_title":"Pol\u00edtica de privacidad - Menasha Corporate","og_description":"Nuestras Compa\u00f1\u00edas: Menasha Packaging Company ORBIS Corporation POL\u00cdTICA DE PRIVACIDAD Fecha de entrada en vigor: 20 de diciembre de 2016 Menasha Corporation (&#8220;Menasha&#8221;) se toma muy en serio la confidencialidad de su informaci\u00f3n personal. La siguiente pol\u00edtica de privacidad describe c\u00f3mo recopilamos y usamos la informaci\u00f3n a trav\u00e9s de este sitio web. AL ACCEDER O [&hellip;]","og_url":"https:\/\/dev.menashacorporation.com\/es\/politica-de-privacidad\/","og_site_name":"Menasha Corporate","article_modified_time":"2024-03-05T21:21:09+00:00","twitter_card":"summary_large_image","twitter_misc":{"Est. reading time":"9 minutes"},"schema":{"@context":"https:\/\/schema.org","@graph":[{"@type":"WebPage","@id":"https:\/\/dev.menashacorporation.com\/es\/politica-de-privacidad\/","url":"https:\/\/dev.menashacorporation.com\/es\/politica-de-privacidad\/","name":"Pol\u00edtica de privacidad - Menasha Corporate","isPartOf":{"@id":"https:\/\/dev.menashacorporation.com\/#website"},"datePublished":"2023-04-25T17:11:03+00:00","dateModified":"2024-03-05T21:21:09+00:00","breadcrumb":{"@id":"https:\/\/dev.menashacorporation.com\/es\/politica-de-privacidad\/#breadcrumb"},"inLanguage":"es","potentialAction":[{"@type":"ReadAction","target":["https:\/\/dev.menashacorporation.com\/es\/politica-de-privacidad\/"]}]},{"@type":"BreadcrumbList","@id":"https:\/\/dev.menashacorporation.com\/es\/politica-de-privacidad\/#breadcrumb","itemListElement":[{"@type":"ListItem","position":1,"name":"Home","item":"https:\/\/dev.menashacorporation.com\/es\/"},{"@type":"ListItem","position":2,"name":"Pol\u00edtica de privacidad"}]},{"@type":"WebSite","@id":"https:\/\/dev.menashacorporation.com\/#website","url":"https:\/\/dev.menashacorporation.com\/","name":"Menasha Corporate","description":"","publisher":{"@id":"https:\/\/dev.menashacorporation.com\/#organization"},"potentialAction":[{"@type":"SearchAction","target":{"@type":"EntryPoint","urlTemplate":"https:\/\/dev.menashacorporation.com\/?s={search_term_string}"},"query-input":{"@type":"PropertyValueSpecification","valueRequired":true,"valueName":"search_term_string"}}],"inLanguage":"es"},{"@type":"Organization","@id":"https:\/\/dev.menashacorporation.com\/#organization","name":"Menasha Corporate","url":"https:\/\/dev.menashacorporation.com\/","logo":{"@type":"ImageObject","inLanguage":"es","@id":"https:\/\/dev.menashacorporation.com\/#\/schema\/logo\/image\/","url":"https:\/\/dev.menashacorporation.com\/wp-content\/uploads\/2023\/02\/Menasha-Corp-logo-and-tagline-full-color.png","contentUrl":"https:\/\/dev.menashacorporation.com\/wp-content\/uploads\/2023\/02\/Menasha-Corp-logo-and-tagline-full-color.png","width":1676,"height":431,"caption":"Menasha Corporate"},"image":{"@id":"https:\/\/dev.menashacorporation.com\/#\/schema\/logo\/image\/"}}]}},"featured_image_src":null,"featured_image_src_square":null,"_links":{"self":[{"href":"https:\/\/dev.menashacorporation.com\/es\/wp-json\/wp\/v2\/pages\/1199","targetHints":{"allow":["GET"]}}],"collection":[{"href":"https:\/\/dev.menashacorporation.com\/es\/wp-json\/wp\/v2\/pages"}],"about":[{"href":"https:\/\/dev.menashacorporation.com\/es\/wp-json\/wp\/v2\/types\/page"}],"author":[{"embeddable":true,"href":"https:\/\/dev.menashacorporation.com\/es\/wp-json\/wp\/v2\/users\/7"}],"replies":[{"embeddable":true,"href":"https:\/\/dev.menashacorporation.com\/es\/wp-json\/wp\/v2\/comments?post=1199"}],"version-history":[{"count":0,"href":"https:\/\/dev.menashacorporation.com\/es\/wp-json\/wp\/v2\/pages\/1199\/revisions"}],"wp:attachment":[{"href":"https:\/\/dev.menashacorporation.com\/es\/wp-json\/wp\/v2\/media?parent=1199"}],"curies":[{"name":"wp","href":"https:\/\/api.w.org\/{rel}","templated":true}]}}