{"id":1197,"date":"2023-04-11T15:03:56","date_gmt":"2023-04-11T15:03:56","guid":{"rendered":"https:\/\/dev.menashacorporation.com\/nuestras-companias\/"},"modified":"2025-04-08T13:24:22","modified_gmt":"2025-04-08T13:24:22","slug":"nuestras-companias","status":"publish","type":"page","link":"https:\/\/dev.menashacorporation.com\/es\/nuestras-companias\/","title":{"rendered":"Nuestras empresas"},"content":{"rendered":"\t\t<div data-elementor-type=\"wp-page\" data-elementor-id=\"1197\" class=\"elementor elementor-1197 elementor-173\" data-elementor-post-type=\"page\">\n\t\t\t\t\t\t<section data-particle_enable=\"false\" data-particle-mobile-disabled=\"false\" class=\"elementor-section elementor-top-section elementor-element elementor-element-7ee5d270 elementor-section-boxed elementor-section-height-default elementor-section-height-default\" data-id=\"7ee5d270\" data-element_type=\"section\" data-e-type=\"section\" data-settings=\"{&quot;background_background&quot;:&quot;classic&quot;}\">\n\t\t\t\t\t\t<div class=\"elementor-container elementor-column-gap-default\">\n\t\t\t\t\t<div class=\"elementor-column elementor-col-33 elementor-top-column elementor-element elementor-element-3166fb0c\" data-id=\"3166fb0c\" data-element_type=\"column\" data-e-type=\"column\">\n\t\t\t<div class=\"elementor-widget-wrap elementor-element-populated\">\n\t\t\t\t\t\t<div class=\"elementor-element elementor-element-139ce394 elementor-widget elementor-widget-heading\" data-id=\"139ce394\" data-element_type=\"widget\" data-e-type=\"widget\" data-widget_type=\"heading.default\">\n\t\t\t\t<div class=\"elementor-widget-container\">\n\t\t\t\t\t<p class=\"elementor-heading-title elementor-size-default\">Nuestras empresas:<\/p>\t\t\t\t<\/div>\n\t\t\t\t<\/div>\n\t\t\t\t\t<\/div>\n\t\t<\/div>\n\t\t\t\t<div class=\"elementor-column elementor-col-33 elementor-top-column elementor-element elementor-element-5c033e49\" data-id=\"5c033e49\" data-element_type=\"column\" data-e-type=\"column\">\n\t\t\t<div class=\"elementor-widget-wrap elementor-element-populated\">\n\t\t\t\t\t\t<div class=\"elementor-element elementor-element-7208ed6a elementor-widget elementor-widget-heading\" data-id=\"7208ed6a\" data-element_type=\"widget\" data-e-type=\"widget\" data-widget_type=\"heading.default\">\n\t\t\t\t<div class=\"elementor-widget-container\">\n\t\t\t\t\t<p class=\"elementor-heading-title elementor-size-default\"><a href=\"https:\/\/www.menasha.com\/\" target=\"_blank\">Menasha Packaging Company<\/a><\/p>\t\t\t\t<\/div>\n\t\t\t\t<\/div>\n\t\t\t\t\t<\/div>\n\t\t<\/div>\n\t\t\t\t<div class=\"elementor-column elementor-col-33 elementor-top-column elementor-element elementor-element-4d7df104\" data-id=\"4d7df104\" data-element_type=\"column\" data-e-type=\"column\">\n\t\t\t<div class=\"elementor-widget-wrap elementor-element-populated\">\n\t\t\t\t\t\t<div class=\"elementor-element elementor-element-c0b4f24 elementor-widget elementor-widget-heading\" data-id=\"c0b4f24\" data-element_type=\"widget\" data-e-type=\"widget\" data-widget_type=\"heading.default\">\n\t\t\t\t<div class=\"elementor-widget-container\">\n\t\t\t\t\t<p class=\"elementor-heading-title elementor-size-default\"><a href=\"https:\/\/www.orbiscorporation.com\/\" target=\"_blank\">ORBIS Corporation<\/a><\/p>\t\t\t\t<\/div>\n\t\t\t\t<\/div>\n\t\t\t\t\t<\/div>\n\t\t<\/div>\n\t\t\t\t\t<\/div>\n\t\t<\/section>\n\t\t\t\t<section data-particle_enable=\"false\" data-particle-mobile-disabled=\"false\" class=\"elementor-section elementor-top-section elementor-element elementor-element-67f7c69 elementor-section-full_width elementor-section-height-min-height elementor-section-height-default elementor-section-items-middle\" data-id=\"67f7c69\" data-element_type=\"section\" data-e-type=\"section\" data-settings=\"{&quot;background_background&quot;:&quot;classic&quot;}\">\n\t\t\t\t\t\t<div class=\"elementor-container elementor-column-gap-no\">\n\t\t\t\t\t<div class=\"elementor-column elementor-col-100 elementor-top-column elementor-element elementor-element-6fc8c904\" data-id=\"6fc8c904\" data-element_type=\"column\" data-e-type=\"column\">\n\t\t\t<div class=\"elementor-widget-wrap elementor-element-populated\">\n\t\t\t\t\t\t<div class=\"elementor-element elementor-element-46e4ebc9 elementor-widget elementor-widget-heading\" data-id=\"46e4ebc9\" data-element_type=\"widget\" data-e-type=\"widget\" data-widget_type=\"heading.default\">\n\t\t\t\t<div class=\"elementor-widget-container\">\n\t\t\t\t\t<h2 class=\"elementor-heading-title elementor-size-default\">Nuestras empresas<\/h2>\t\t\t\t<\/div>\n\t\t\t\t<\/div>\n\t\t\t\t\t<\/div>\n\t\t<\/div>\n\t\t\t\t\t<\/div>\n\t\t<\/section>\n\t\t\t\t<section data-particle_enable=\"false\" data-particle-mobile-disabled=\"false\" class=\"elementor-section elementor-top-section elementor-element elementor-element-1e0f055 elementor-section-boxed elementor-section-height-default elementor-section-height-default\" data-id=\"1e0f055\" data-element_type=\"section\" data-e-type=\"section\">\n\t\t\t\t\t\t<div class=\"elementor-container elementor-column-gap-default\">\n\t\t\t\t\t<div class=\"elementor-column elementor-col-100 elementor-top-column elementor-element elementor-element-1cb59e7\" data-id=\"1cb59e7\" data-element_type=\"column\" data-e-type=\"column\">\n\t\t\t<div class=\"elementor-widget-wrap elementor-element-populated\">\n\t\t\t\t\t\t<div class=\"elementor-element elementor-element-202860c elementor-widget elementor-widget-heading\" data-id=\"202860c\" data-element_type=\"widget\" data-e-type=\"widget\" data-widget_type=\"heading.default\">\n\t\t\t\t<div class=\"elementor-widget-container\">\n\t\t\t\t\t<h2 class=\"elementor-heading-title elementor-size-default\">Son una poderosa combinaci\u00f3n para la productividad y la\nresoluci\u00f3n de problemas.<\/h2>\t\t\t\t<\/div>\n\t\t\t\t<\/div>\n\t\t\t\t<div class=\"elementor-element elementor-element-d5ea427 elementor-widget elementor-widget-text-editor\" data-id=\"d5ea427\" data-element_type=\"widget\" data-e-type=\"widget\" data-widget_type=\"text-editor.default\">\n\t\t\t\t<div class=\"elementor-widget-container\">\n\t\t\t\t\t\t\t\t\t<p>Menasha Corporation es una empresa de propiedad familiar con 175 a\u00f1os de antig\u00fcedad que comprende dos l\u00edneas de negocio: Menasha Packaging Company y ORBIS Corporation. Ambas son l\u00edderes en soluciones sostenibles de empaquetado y cadena de suministro que ayudan a maximizar los beneficios de los clientes. A su manera, cada una ayuda a proteger, transportar y promocionar productos de las principales compa\u00f1\u00edas de alimentaci\u00f3n, bebidas, atenci\u00f3n m\u00e9dica, farmac\u00e9uticas, industriales y automotrices.<\/p>\t\t\t\t\t\t\t\t<\/div>\n\t\t\t\t<\/div>\n\t\t\t\t\t<\/div>\n\t\t<\/div>\n\t\t\t\t\t<\/div>\n\t\t<\/section>\n\t\t\t\t<section data-particle_enable=\"false\" data-particle-mobile-disabled=\"false\" class=\"elementor-section elementor-top-section elementor-element elementor-element-ca3a942 elementor-section-boxed elementor-section-height-default elementor-section-height-default\" data-id=\"ca3a942\" data-element_type=\"section\" data-e-type=\"section\">\n\t\t\t\t\t\t<div class=\"elementor-container elementor-column-gap-default\">\n\t\t\t\t\t<div class=\"elementor-column elementor-col-50 elementor-top-column elementor-element elementor-element-8081421\" data-id=\"8081421\" data-element_type=\"column\" data-e-type=\"column\" data-settings=\"{&quot;background_background&quot;:&quot;classic&quot;}\">\n\t\t\t<div class=\"elementor-widget-wrap elementor-element-populated\">\n\t\t\t\t\t\t<div class=\"elementor-element elementor-element-fd02c54 elementor-widget elementor-widget-image\" data-id=\"fd02c54\" data-element_type=\"widget\" data-e-type=\"widget\" data-widget_type=\"image.default\">\n\t\t\t\t<div class=\"elementor-widget-container\">\n\t\t\t\t\t\t\t\t\t\t\t\t\t\t\t<img decoding=\"async\" src=\"https:\/\/dev.menashacorporation.com\/wp-content\/uploads\/elementor\/thumbs\/Menasha-Logo_MMIH_wt_grnArrow-q591po0ftybsznsy6b8cl2jvcez2f1zvz8ppw5h4ck.png\" title=\"Menasha Logo_MMIH_wt_grnArrow\" alt=\"Menasha Logo_MMIH_wt_grnArrow\" loading=\"lazy\" \/>\t\t\t\t\t\t\t\t\t\t\t\t\t\t\t<\/div>\n\t\t\t\t<\/div>\n\t\t\t\t<div class=\"elementor-element elementor-element-306d446 elementor-widget elementor-widget-image\" data-id=\"306d446\" data-element_type=\"widget\" data-e-type=\"widget\" data-widget_type=\"image.default\">\n\t\t\t\t<div class=\"elementor-widget-container\">\n\t\t\t\t\t\t\t\t\t\t\t\t\t\t\t<img fetchpriority=\"high\" decoding=\"async\" width=\"800\" height=\"476\" src=\"https:\/\/dev.menashacorporation.com\/wp-content\/uploads\/2023\/04\/Menasha_products.png\" class=\"attachment-large size-large wp-image-1050\" alt=\"\" srcset=\"https:\/\/dev.menashacorporation.com\/wp-content\/uploads\/2023\/04\/Menasha_products.png 1000w, https:\/\/dev.menashacorporation.com\/wp-content\/uploads\/2023\/04\/Menasha_products-300x179.png 300w, https:\/\/dev.menashacorporation.com\/wp-content\/uploads\/2023\/04\/Menasha_products-768x457.png 768w\" sizes=\"(max-width: 800px) 100vw, 800px\" \/>\t\t\t\t\t\t\t\t\t\t\t\t\t\t\t<\/div>\n\t\t\t\t<\/div>\n\t\t\t\t<div class=\"elementor-element elementor-element-b4c21a0 elementor-widget elementor-widget-text-editor\" data-id=\"b4c21a0\" data-element_type=\"widget\" data-e-type=\"widget\" data-widget_type=\"text-editor.default\">\n\t\t\t\t<div class=\"elementor-widget-container\">\n\t\t\t\t\t\t\t\t\t<p>Menasha Packaging es el mayor proveedor independiente de soluciones de empaquetado y servicios para la cadena de suministro de Norteam\u00e9rica. Dise\u00f1a, imprime y suministra soluciones gr\u00e1ficas de empaquetado, exhibidores y comercializaci\u00f3n a m\u00e1s de 1800 marcas, tanto en tiendas f\u00edsicas como en l\u00ednea.<\/p>\t\t\t\t\t\t\t\t<\/div>\n\t\t\t\t<\/div>\n\t\t\t\t<div class=\"elementor-element elementor-element-bd30817 arrow elementor-widget elementor-widget-text-editor\" data-id=\"bd30817\" data-element_type=\"widget\" data-e-type=\"widget\" data-widget_type=\"text-editor.default\">\n\t\t\t\t<div class=\"elementor-widget-container\">\n\t\t\t\t\t\t\t\t\t<p><a href=\"https:\/\/www.menasha.com\/\" target=\"_blank\" rel=\"noopener\">M\u00e1s informaci\u00f3n<\/a><a href=\"https:\/\/www.menasha.com\/\"><img decoding=\"async\" class=\"alignnone wp-image-211\" src=\"https:\/\/dev.menashacorporation.com\/wp-content\/uploads\/2023\/04\/arrow_white.png\" alt=\"\" width=\"20\" height=\"20\"><\/a><\/p>\t\t\t\t\t\t\t\t<\/div>\n\t\t\t\t<\/div>\n\t\t\t\t\t<\/div>\n\t\t<\/div>\n\t\t\t\t<div class=\"elementor-column elementor-col-50 elementor-top-column elementor-element elementor-element-413d086\" data-id=\"413d086\" data-element_type=\"column\" data-e-type=\"column\" data-settings=\"{&quot;background_background&quot;:&quot;classic&quot;}\">\n\t\t\t<div class=\"elementor-widget-wrap elementor-element-populated\">\n\t\t\t\t\t\t<div class=\"elementor-element elementor-element-09cda8a elementor-widget elementor-widget-image\" data-id=\"09cda8a\" data-element_type=\"widget\" data-e-type=\"widget\" data-widget_type=\"image.default\">\n\t\t\t\t<div class=\"elementor-widget-container\">\n\t\t\t\t\t\t\t\t\t\t\t\t\t\t\t<img decoding=\"async\" src=\"https:\/\/dev.menashacorporation.com\/wp-content\/uploads\/elementor\/thumbs\/ORBIS_logo_white_200px-q592m855yfifkp3n0gsrnv9hs5m2comwh8oj9z82im.png\" title=\"ORBIS_logo_white_200px\" alt=\"ORBIS_logo_white_200px\" loading=\"lazy\" \/>\t\t\t\t\t\t\t\t\t\t\t\t\t\t\t<\/div>\n\t\t\t\t<\/div>\n\t\t\t\t<div class=\"elementor-element elementor-element-03a5a3f elementor-widget elementor-widget-image\" data-id=\"03a5a3f\" data-element_type=\"widget\" data-e-type=\"widget\" data-widget_type=\"image.default\">\n\t\t\t\t<div class=\"elementor-widget-container\">\n\t\t\t\t\t\t\t\t\t\t\t\t\t\t\t<img decoding=\"async\" width=\"800\" height=\"348\" src=\"https:\/\/dev.menashacorporation.com\/wp-content\/uploads\/2023\/04\/ORBIS_products.png\" class=\"attachment-large size-large wp-image-1051\" alt=\"\" srcset=\"https:\/\/dev.menashacorporation.com\/wp-content\/uploads\/2023\/04\/ORBIS_products.png 1000w, https:\/\/dev.menashacorporation.com\/wp-content\/uploads\/2023\/04\/ORBIS_products-300x131.png 300w, https:\/\/dev.menashacorporation.com\/wp-content\/uploads\/2023\/04\/ORBIS_products-768x334.png 768w\" sizes=\"(max-width: 800px) 100vw, 800px\" \/>\t\t\t\t\t\t\t\t\t\t\t\t\t\t\t<\/div>\n\t\t\t\t<\/div>\n\t\t\t\t<div class=\"elementor-element elementor-element-44c13c5 elementor-widget elementor-widget-text-editor\" data-id=\"44c13c5\" data-element_type=\"widget\" data-e-type=\"widget\" data-widget_type=\"text-editor.default\">\n\t\t\t\t<div class=\"elementor-widget-container\">\n\t\t\t\t\t\t\t\t\t<p>ORBIS ayuda a optimizar las cadenas de suministro con productos y servicios de empaquetado reutilizables. Los contenedores, pallets, madera de estiba, sistemas para productos a granel y estanter\u00edas met\u00e1licas mejoran el flujo a lo largo de la cadena de suministro para reducir costos, aumentar la rentabilidad y a\u00f1adir sostenibilidad.<\/p>\t\t\t\t\t\t\t\t<\/div>\n\t\t\t\t<\/div>\n\t\t\t\t<div class=\"elementor-element elementor-element-120405a arrow2 elementor-widget elementor-widget-text-editor\" data-id=\"120405a\" data-element_type=\"widget\" data-e-type=\"widget\" data-widget_type=\"text-editor.default\">\n\t\t\t\t<div class=\"elementor-widget-container\">\n\t\t\t\t\t\t\t\t\t<p><a href=\"https:\/\/www.orbiscorporation.com\/\" target=\"_blank\" rel=\"noopener\">M\u00e1s informaci\u00f3n<\/a><a href=\"https:\/\/www.menasha.com\/\"><img loading=\"lazy\" decoding=\"async\" class=\"alignnone wp-image-432\" src=\"https:\/\/dev.menashacorporation.com\/wp-content\/uploads\/2023\/04\/arrow_white-1.png\" alt=\"\" width=\"20\" height=\"20\"><\/a><\/p>\t\t\t\t\t\t\t\t<\/div>\n\t\t\t\t<\/div>\n\t\t\t\t\t<\/div>\n\t\t<\/div>\n\t\t\t\t\t<\/div>\n\t\t<\/section>\n\t\t\t\t<\/div>\n\t\t","protected":false},"excerpt":{"rendered":"<p>Nuestras empresas: Menasha Packaging Company ORBIS Corporation Nuestras empresas Son una poderosa combinaci\u00f3n para la productividad y la resoluci\u00f3n de problemas. Menasha Corporation es una empresa de propiedad familiar con 175 a\u00f1os de antig\u00fcedad que comprende dos l\u00edneas de negocio: Menasha Packaging Company y ORBIS Corporation. Ambas son l\u00edderes en soluciones sostenibles de empaquetado y [&hellip;]<\/p>\n","protected":false},"author":7,"featured_media":0,"parent":0,"menu_order":0,"comment_status":"closed","ping_status":"closed","template":"elementor_header_footer","meta":{"footnotes":""},"class_list":["post-1197","page","type-page","status-publish","hentry"],"yoast_head":"<!-- This site is optimized with the Yoast SEO plugin v27.3 - https:\/\/yoast.com\/product\/yoast-seo-wordpress\/ -->\n<title>Menasha Corporation | Nuestras empresas<\/title>\n<meta name=\"description\" content=\"Descubra Menasha Packaging Company y ORBIS, l\u00edderes en soluciones innovadoras de empaquetado. Explore nuestras empresas y sus importantes contribuciones.\" \/>\n<meta name=\"robots\" content=\"index, follow, max-snippet:-1, max-image-preview:large, max-video-preview:-1\" \/>\n<link rel=\"canonical\" href=\"https:\/\/dev.menashacorporation.com\/es\/nuestras-companias\/\" \/>\n<meta property=\"og:locale\" content=\"es_ES\" \/>\n<meta property=\"og:type\" content=\"article\" \/>\n<meta property=\"og:title\" content=\"Menasha Corporation | Nuestras empresas\" \/>\n<meta property=\"og:description\" content=\"Descubra Menasha Packaging Company y ORBIS, l\u00edderes en soluciones innovadoras de empaquetado. Explore nuestras empresas y sus importantes contribuciones.\" \/>\n<meta property=\"og:url\" content=\"https:\/\/dev.menashacorporation.com\/es\/nuestras-companias\/\" \/>\n<meta property=\"og:site_name\" content=\"Menasha Corporate\" \/>\n<meta property=\"article:modified_time\" content=\"2025-04-08T13:24:22+00:00\" \/>\n<meta property=\"og:image\" content=\"https:\/\/dev.menashacorporation.com\/wp-content\/uploads\/elementor\/thumbs\/Menasha-Logo_MMIH_wt_grnArrow-qmwplucua41k0517ym5qqf2zb06nwpzp2j6v2936mc.png\" \/>\n<meta name=\"twitter:card\" content=\"summary_large_image\" \/>\n<meta name=\"twitter:label1\" content=\"Est. reading time\" \/>\n\t<meta name=\"twitter:data1\" content=\"1 minute\" \/>\n<script type=\"application\/ld+json\" class=\"yoast-schema-graph\">{\"@context\":\"https:\\\/\\\/schema.org\",\"@graph\":[{\"@type\":\"WebPage\",\"@id\":\"https:\\\/\\\/dev.menashacorporation.com\\\/es\\\/nuestras-companias\\\/\",\"url\":\"https:\\\/\\\/dev.menashacorporation.com\\\/es\\\/nuestras-companias\\\/\",\"name\":\"Menasha Corporation | Nuestras empresas\",\"isPartOf\":{\"@id\":\"https:\\\/\\\/dev.menashacorporation.com\\\/#website\"},\"primaryImageOfPage\":{\"@id\":\"https:\\\/\\\/dev.menashacorporation.com\\\/es\\\/nuestras-companias\\\/#primaryimage\"},\"image\":{\"@id\":\"https:\\\/\\\/dev.menashacorporation.com\\\/es\\\/nuestras-companias\\\/#primaryimage\"},\"thumbnailUrl\":\"https:\\\/\\\/dev.menashacorporation.com\\\/wp-content\\\/uploads\\\/elementor\\\/thumbs\\\/Menasha-Logo_MMIH_wt_grnArrow-qmwplucua41k0517ym5qqf2zb06nwpzp2j6v2936mc.png\",\"datePublished\":\"2023-04-11T15:03:56+00:00\",\"dateModified\":\"2025-04-08T13:24:22+00:00\",\"description\":\"Descubra Menasha Packaging Company y ORBIS, l\u00edderes en soluciones innovadoras de empaquetado. Explore nuestras empresas y sus importantes contribuciones.\",\"breadcrumb\":{\"@id\":\"https:\\\/\\\/dev.menashacorporation.com\\\/es\\\/nuestras-companias\\\/#breadcrumb\"},\"inLanguage\":\"es\",\"potentialAction\":[{\"@type\":\"ReadAction\",\"target\":[\"https:\\\/\\\/dev.menashacorporation.com\\\/es\\\/nuestras-companias\\\/\"]}]},{\"@type\":\"ImageObject\",\"inLanguage\":\"es\",\"@id\":\"https:\\\/\\\/dev.menashacorporation.com\\\/es\\\/nuestras-companias\\\/#primaryimage\",\"url\":\"https:\\\/\\\/dev.menashacorporation.com\\\/wp-content\\\/uploads\\\/elementor\\\/thumbs\\\/Menasha-Logo_MMIH_wt_grnArrow-qmwplucua41k0517ym5qqf2zb06nwpzp2j6v2936mc.png\",\"contentUrl\":\"https:\\\/\\\/dev.menashacorporation.com\\\/wp-content\\\/uploads\\\/elementor\\\/thumbs\\\/Menasha-Logo_MMIH_wt_grnArrow-qmwplucua41k0517ym5qqf2zb06nwpzp2j6v2936mc.png\"},{\"@type\":\"BreadcrumbList\",\"@id\":\"https:\\\/\\\/dev.menashacorporation.com\\\/es\\\/nuestras-companias\\\/#breadcrumb\",\"itemListElement\":[{\"@type\":\"ListItem\",\"position\":1,\"name\":\"Home\",\"item\":\"https:\\\/\\\/dev.menashacorporation.com\\\/es\\\/\"},{\"@type\":\"ListItem\",\"position\":2,\"name\":\"Nuestras empresas\"}]},{\"@type\":\"WebSite\",\"@id\":\"https:\\\/\\\/dev.menashacorporation.com\\\/#website\",\"url\":\"https:\\\/\\\/dev.menashacorporation.com\\\/\",\"name\":\"Menasha Corporate\",\"description\":\"\",\"publisher\":{\"@id\":\"https:\\\/\\\/dev.menashacorporation.com\\\/#organization\"},\"potentialAction\":[{\"@type\":\"SearchAction\",\"target\":{\"@type\":\"EntryPoint\",\"urlTemplate\":\"https:\\\/\\\/dev.menashacorporation.com\\\/?s={search_term_string}\"},\"query-input\":{\"@type\":\"PropertyValueSpecification\",\"valueRequired\":true,\"valueName\":\"search_term_string\"}}],\"inLanguage\":\"es\"},{\"@type\":\"Organization\",\"@id\":\"https:\\\/\\\/dev.menashacorporation.com\\\/#organization\",\"name\":\"Menasha Corporate\",\"url\":\"https:\\\/\\\/dev.menashacorporation.com\\\/\",\"logo\":{\"@type\":\"ImageObject\",\"inLanguage\":\"es\",\"@id\":\"https:\\\/\\\/dev.menashacorporation.com\\\/#\\\/schema\\\/logo\\\/image\\\/\",\"url\":\"https:\\\/\\\/dev.menashacorporation.com\\\/wp-content\\\/uploads\\\/2023\\\/02\\\/Menasha-Corp-logo-and-tagline-full-color.png\",\"contentUrl\":\"https:\\\/\\\/dev.menashacorporation.com\\\/wp-content\\\/uploads\\\/2023\\\/02\\\/Menasha-Corp-logo-and-tagline-full-color.png\",\"width\":1676,\"height\":431,\"caption\":\"Menasha Corporate\"},\"image\":{\"@id\":\"https:\\\/\\\/dev.menashacorporation.com\\\/#\\\/schema\\\/logo\\\/image\\\/\"}}]}<\/script>\n<!-- \/ Yoast SEO plugin. -->","yoast_head_json":{"title":"Menasha Corporation | Nuestras empresas","description":"Descubra Menasha Packaging Company y ORBIS, l\u00edderes en soluciones innovadoras de empaquetado. Explore nuestras empresas y sus importantes contribuciones.","robots":{"index":"index","follow":"follow","max-snippet":"max-snippet:-1","max-image-preview":"max-image-preview:large","max-video-preview":"max-video-preview:-1"},"canonical":"https:\/\/dev.menashacorporation.com\/es\/nuestras-companias\/","og_locale":"es_ES","og_type":"article","og_title":"Menasha Corporation | Nuestras empresas","og_description":"Descubra Menasha Packaging Company y ORBIS, l\u00edderes en soluciones innovadoras de empaquetado. Explore nuestras empresas y sus importantes contribuciones.","og_url":"https:\/\/dev.menashacorporation.com\/es\/nuestras-companias\/","og_site_name":"Menasha Corporate","article_modified_time":"2025-04-08T13:24:22+00:00","og_image":[{"url":"https:\/\/dev.menashacorporation.com\/wp-content\/uploads\/elementor\/thumbs\/Menasha-Logo_MMIH_wt_grnArrow-qmwplucua41k0517ym5qqf2zb06nwpzp2j6v2936mc.png","type":"","width":"","height":""}],"twitter_card":"summary_large_image","twitter_misc":{"Est. reading time":"1 minute"},"schema":{"@context":"https:\/\/schema.org","@graph":[{"@type":"WebPage","@id":"https:\/\/dev.menashacorporation.com\/es\/nuestras-companias\/","url":"https:\/\/dev.menashacorporation.com\/es\/nuestras-companias\/","name":"Menasha Corporation | Nuestras empresas","isPartOf":{"@id":"https:\/\/dev.menashacorporation.com\/#website"},"primaryImageOfPage":{"@id":"https:\/\/dev.menashacorporation.com\/es\/nuestras-companias\/#primaryimage"},"image":{"@id":"https:\/\/dev.menashacorporation.com\/es\/nuestras-companias\/#primaryimage"},"thumbnailUrl":"https:\/\/dev.menashacorporation.com\/wp-content\/uploads\/elementor\/thumbs\/Menasha-Logo_MMIH_wt_grnArrow-qmwplucua41k0517ym5qqf2zb06nwpzp2j6v2936mc.png","datePublished":"2023-04-11T15:03:56+00:00","dateModified":"2025-04-08T13:24:22+00:00","description":"Descubra Menasha Packaging Company y ORBIS, l\u00edderes en soluciones innovadoras de empaquetado. Explore nuestras empresas y sus importantes contribuciones.","breadcrumb":{"@id":"https:\/\/dev.menashacorporation.com\/es\/nuestras-companias\/#breadcrumb"},"inLanguage":"es","potentialAction":[{"@type":"ReadAction","target":["https:\/\/dev.menashacorporation.com\/es\/nuestras-companias\/"]}]},{"@type":"ImageObject","inLanguage":"es","@id":"https:\/\/dev.menashacorporation.com\/es\/nuestras-companias\/#primaryimage","url":"https:\/\/dev.menashacorporation.com\/wp-content\/uploads\/elementor\/thumbs\/Menasha-Logo_MMIH_wt_grnArrow-qmwplucua41k0517ym5qqf2zb06nwpzp2j6v2936mc.png","contentUrl":"https:\/\/dev.menashacorporation.com\/wp-content\/uploads\/elementor\/thumbs\/Menasha-Logo_MMIH_wt_grnArrow-qmwplucua41k0517ym5qqf2zb06nwpzp2j6v2936mc.png"},{"@type":"BreadcrumbList","@id":"https:\/\/dev.menashacorporation.com\/es\/nuestras-companias\/#breadcrumb","itemListElement":[{"@type":"ListItem","position":1,"name":"Home","item":"https:\/\/dev.menashacorporation.com\/es\/"},{"@type":"ListItem","position":2,"name":"Nuestras empresas"}]},{"@type":"WebSite","@id":"https:\/\/dev.menashacorporation.com\/#website","url":"https:\/\/dev.menashacorporation.com\/","name":"Menasha Corporate","description":"","publisher":{"@id":"https:\/\/dev.menashacorporation.com\/#organization"},"potentialAction":[{"@type":"SearchAction","target":{"@type":"EntryPoint","urlTemplate":"https:\/\/dev.menashacorporation.com\/?s={search_term_string}"},"query-input":{"@type":"PropertyValueSpecification","valueRequired":true,"valueName":"search_term_string"}}],"inLanguage":"es"},{"@type":"Organization","@id":"https:\/\/dev.menashacorporation.com\/#organization","name":"Menasha Corporate","url":"https:\/\/dev.menashacorporation.com\/","logo":{"@type":"ImageObject","inLanguage":"es","@id":"https:\/\/dev.menashacorporation.com\/#\/schema\/logo\/image\/","url":"https:\/\/dev.menashacorporation.com\/wp-content\/uploads\/2023\/02\/Menasha-Corp-logo-and-tagline-full-color.png","contentUrl":"https:\/\/dev.menashacorporation.com\/wp-content\/uploads\/2023\/02\/Menasha-Corp-logo-and-tagline-full-color.png","width":1676,"height":431,"caption":"Menasha Corporate"},"image":{"@id":"https:\/\/dev.menashacorporation.com\/#\/schema\/logo\/image\/"}}]}},"featured_image_src":null,"featured_image_src_square":null,"_links":{"self":[{"href":"https:\/\/dev.menashacorporation.com\/es\/wp-json\/wp\/v2\/pages\/1197","targetHints":{"allow":["GET"]}}],"collection":[{"href":"https:\/\/dev.menashacorporation.com\/es\/wp-json\/wp\/v2\/pages"}],"about":[{"href":"https:\/\/dev.menashacorporation.com\/es\/wp-json\/wp\/v2\/types\/page"}],"author":[{"embeddable":true,"href":"https:\/\/dev.menashacorporation.com\/es\/wp-json\/wp\/v2\/users\/7"}],"replies":[{"embeddable":true,"href":"https:\/\/dev.menashacorporation.com\/es\/wp-json\/wp\/v2\/comments?post=1197"}],"version-history":[{"count":0,"href":"https:\/\/dev.menashacorporation.com\/es\/wp-json\/wp\/v2\/pages\/1197\/revisions"}],"wp:attachment":[{"href":"https:\/\/dev.menashacorporation.com\/es\/wp-json\/wp\/v2\/media?parent=1197"}],"curies":[{"name":"wp","href":"https:\/\/api.w.org\/{rel}","templated":true}]}}